{"id":417,"date":"2020-07-14T19:05:48","date_gmt":"2020-07-14T17:05:48","guid":{"rendered":"http:\/\/observatoire-asap.org\/?page_id=417"},"modified":"2020-07-14T19:05:48","modified_gmt":"2020-07-14T17:05:48","slug":"les-lettres-de-lobservatoire-asap","status":"publish","type":"page","link":"https:\/\/asap.dever.fr\/index.php\/les-lettres-de-lobservatoire-asap\/","title":{"rendered":"Les lettres de l&#8217;observatoire ASAP"},"content":{"rendered":"<h1><a href=\"http:\/\/observatoire-asap.org\/index.php\/lettre-1-12-2019\/\">Lettre #1 &#8211; 02\/2020<\/a><\/h1>\n<h1><a href=\"http:\/\/observatoire-asap.org\/index.php\/lettre-2-7-2020\/\">Lettre #2 &#8211; 07\/2020<\/a><\/h1>\n<h1><a href=\"http:\/\/observatoire-asap.org\/index.php\/lettre-3-12-2020\/\">Lettre #3 &#8211; 12\/2020<\/a><\/h1>\n<h1><a href=\"http:\/\/observatoire-asap.org\/index.php\/lettre-4-03-2021\/\">Lettre #4 &#8211; 03\/2021<\/a><\/h1>\n<h1><a href=\"https:\/\/observatoire-asap.org\/index.php\/lettre-5-05-2021\/\">Lettre #5 &#8211; 05\/2021<\/a><\/h1>\n<h1><span class=\"current\"><a href=\"https:\/\/observatoire-asap.org\/index.php\/lettre-6-07-2021\/\">Lettre #6 \u2013 07\/2021<\/a><\/span><\/h1>\n<h1><a href=\"https:\/\/observatoire-asap.org\/index.php\/lettre-7-11-2021\/\">Lettre #7 &#8211; 11\/2021<\/a><\/h1>\n<h1><span class=\"current\"><a href=\"https:\/\/observatoire-asap.org\/index.php\/lettre-8-03-2022\/\">Lettre #8 \u2013 03\/2022<\/a><\/span><\/h1>\n<h1><span style=\"font-size: 18pt;\">Recommandations aux auteurs<\/span><\/h1>\n<p><span style=\"font-size: 10pt;\">Les articles des lettres de l&#8217;observatoire ont les caract\u00e9ristiques suivantes :<\/span><br \/>\n<span style=\"font-size: 10pt;\"><em>&#8211;<\/em> une longueur de 5000 caract\u00e8res espaces compris<br \/>\n&#8211; des paragraphes et des intertitres<\/span><br \/>\n<span style=\"font-size: 10pt;\">&#8211; des liens hypertextes<br \/>\n&#8211; une photo (16:9 de pr\u00e9f\u00e9rence)<\/span><br \/>\n<span style=\"font-size: 10pt;\">&#8211; \u00e9ventuellement une courte bibliographie (5 r\u00e9f\u00e9rences maximum, aux normes APA)<\/span><\/p>\n","protected":false},"excerpt":{"rendered":"<p>Lettre #1 &#8211; 02\/2020 Lettre #2 &#8211; 07\/2020 Lettre #3 &#8211; 12\/2020 Lettre #4 &#8211; 03\/2021 Lettre #5 &#8211; 05\/2021 Lettre #6 \u2013 07\/2021 Lettre #7 &#8211; 11\/2021 Lettre #8 \u2013 03\/2022 Recommandations aux auteurs Les articles des lettres de l&#8217;observatoire ont les caract\u00e9ristiques suivantes : &#8211; une longueur de 5000 caract\u00e8res espaces compris &#8211; &hellip; <\/p>\n","protected":false},"author":1,"featured_media":1565,"parent":0,"menu_order":0,"comment_status":"closed","ping_status":"closed","template":"","meta":{"footnotes":""},"_links":{"self":[{"href":"https:\/\/asap.dever.fr\/index.php\/wp-json\/wp\/v2\/pages\/417"}],"collection":[{"href":"https:\/\/asap.dever.fr\/index.php\/wp-json\/wp\/v2\/pages"}],"about":[{"href":"https:\/\/asap.dever.fr\/index.php\/wp-json\/wp\/v2\/types\/page"}],"author":[{"embeddable":true,"href":"https:\/\/asap.dever.fr\/index.php\/wp-json\/wp\/v2\/users\/1"}],"replies":[{"embeddable":true,"href":"https:\/\/asap.dever.fr\/index.php\/wp-json\/wp\/v2\/comments?post=417"}],"version-history":[{"count":0,"href":"https:\/\/asap.dever.fr\/index.php\/wp-json\/wp\/v2\/pages\/417\/revisions"}],"wp:featuredmedia":[{"embeddable":true,"href":"https:\/\/asap.dever.fr\/index.php\/wp-json\/wp\/v2\/media\/1565"}],"wp:attachment":[{"href":"https:\/\/asap.dever.fr\/index.php\/wp-json\/wp\/v2\/media?parent=417"}],"curies":[{"name":"wp","href":"https:\/\/api.w.org\/{rel}","templated":true}]}}