{"id":308,"date":"2020-07-13T10:46:06","date_gmt":"2020-07-13T08:46:06","guid":{"rendered":"http:\/\/observatoire-asap.org\/?page_id=308"},"modified":"2020-07-13T10:46:06","modified_gmt":"2020-07-13T08:46:06","slug":"technologie","status":"publish","type":"page","link":"https:\/\/asap.dever.fr\/index.php\/technologie\/","title":{"rendered":"Technologie"},"content":{"rendered":"\n<ul><li><a href=\"http:\/\/observatoire-asap.org\/index.php\/2021\/09\/28\/grh-et-solutions-digitales-la-technologie-au-service-des-clients\/\">GRH et solutions digitales : la technologie au service des clients<\/a> par <a href=\"http:\/\/observatoire-asap.org\/index.php\/2020\/11\/16\/eric-le-tallec\/\">Eric le Tallec<\/a><\/li><li><a href=\"http:\/\/observatoire-asap.org\/index.php\/2021\/04\/28\/transformer-la-cybersecurite-par-la-durabilite\/\">Transformer la cybers\u00e9curit\u00e9 par la durabilit\u00e9<\/a> par <a href=\"http:\/\/observatoire-asap.org\/index.php\/2020\/02\/27\/jeanne-le-roy\/\">Jeanne Le Roy<\/a> et <a href=\"http:\/\/observatoire-asap.org\/index.php\/2020\/02\/02\/olivier-meier\/\">Olivier Meier<\/a><\/li><li><a href=\"http:\/\/observatoire-asap.org\/index.php\/2021\/03\/29\/pour-une-strategie-hybride-face-a-la-covid\/\">Pour une strat\u00e9gie hybride face \u00e0 la Covid<\/a> par <a href=\"http:\/\/observatoire-asap.org\/index.php\/2020\/11\/25\/jean-fabrice-lebraty\/\">Jean-Fabrice Lebarty<\/a><\/li><li><a href=\"https:\/\/observatoire-asap.org\/index.php\/2021\/03\/02\/la-mise-a-disposition-de-donnees-de-consommation-et-de-confort-comme-levier-de-changement-de-pratiques-energetiques\/\">La mise \u00e0 disposition de donn\u00e9es comme levier de changement ?<\/a> <a href=\"http:\/\/observatoire-asap.org\/index.php\/2020\/02\/02\/lolita-rubens\/\">L. Rubens<\/a>, <a href=\"http:\/\/observatoire-asap.org\/index.php\/2020\/10\/16\/johanna-le-conte\/\">J. Le Conte<\/a>, <a href=\"https:\/\/observatoire-asap.org\/index.php\/2021\/03\/15\/christele-assegond\/\">C. Assegond<\/a> et <a href=\"https:\/\/observatoire-asap.org\/index.php\/2021\/03\/11\/raphael-salvazet\/\">R. Salvazet<\/a><\/li><li><a href=\"http:\/\/observatoire-asap.org\/index.php\/2021\/02\/25\/le-reseau-social-dentreprise-du-service-public-la-nouvelle-relation-digitale-avec-les-clients-usagers\/\">Le R\u00e9seau Social d&#8217;Entreprise du Service Public : la nouvelle relation digitale avec les clients\/usagers<\/a> par <a href=\"http:\/\/observatoire-asap.org\/index.php\/2020\/11\/26\/ronald-boucher\/\">Ronald Boucher<\/a><\/li><li><a href=\"http:\/\/observatoire-asap.org\/index.php\/2021\/01\/19\/digitalisons-la-logistique-de-la-sante\/\">Digitalisons la logistique de la sant\u00e9 !<\/a> par <a href=\"http:\/\/observatoire-asap.org\/index.php\/2021\/01\/19\/omar-bentahar\/\">Omar Bentahar<\/a>, <a href=\"https:\/\/observatoire-asap.org\/index.php\/2021\/01\/19\/smail-benzidia\/\">Smail Benzidia<\/a> et <a href=\"https:\/\/observatoire-asap.org\/index.php\/2021\/01\/19\/julien-husson\/\">Julien Husson<\/a><\/li><li><a href=\"http:\/\/observatoire-asap.org\/index.php\/2020\/11\/30\/developpement-international-des-entreprises-et-digital-priorite-a-la-formation\/\">D\u00e9veloppement international des entreprises et digital : priorit\u00e9 \u00e0 la formation<\/a> par <a href=\"http:\/\/observatoire-asap.org\/index.php\/2020\/11\/16\/eric-le-tallec\/\">Eric Le Tallec<\/a><\/li><li><a href=\"http:\/\/observatoire-asap.org\/index.php\/2020\/11\/30\/enjeux-identitaires-du-teletravail-une-innovation-necessaire-de-son-nouvel-espace-de-travail\/\">Enjeux identitaires du t\u00e9l\u00e9travail : une innovation n\u00e9cessaire de son nouvel espace de travail<\/a> par <a href=\"http:\/\/observatoire-asap.org\/index.php\/2020\/02\/27\/jeanne-le-roy\/\">Jeanne Le Roy<\/a><\/li><li><a href=\"http:\/\/observatoire-asap.org\/index.php\/2020\/11\/19\/la-blockchain-pour-un-etat-digital\/\">La Blockchain pour un \u00c9tat digital ?<\/a> par <a href=\"http:\/\/observatoire-asap.org\/index.php\/2020\/11\/13\/elizabeth-couzineau-zegwaard\/\">Elizabeth Couzineau-Zegwaard<\/a><\/li><li><a href=\"http:\/\/observatoire-asap.org\/index.php\/2020\/07\/13\/vous-avez-un-email-covid-19-et-cybersecurite-le-cas-du-phishing\/\">Vous avez un email ! COVID-19 et Cybers\u00e9curit\u00e9 : le cas du phishing <\/a>par <a href=\"http:\/\/observatoire-asap.org\/index.php\/2020\/02\/27\/jeanne-le-roy\/\">Jeanne Le Roy<\/a> et <a href=\"http:\/\/observatoire-asap.org\/index.php\/2020\/07\/16\/benjamin-laubie\/\">Benjamin Laubie<\/a><\/li><li><a href=\"http:\/\/observatoire-asap.org\/index.php\/2020\/02\/14\/sous-quelles-conditions-les-algorithmes-de-justice-predictive-pourraient-ils-reellement-ameliorer-la-previsibilite-de-la-justice\/\">Sous quelles conditions les algorithmes de justice \u00ab\u00a0pr\u00e9dictive\u00a0\u00bb pourraient-ils r\u00e9ellement am\u00e9liorer la pr\u00e9visibilit\u00e9 de la justice\u00a0?<em> <\/em><\/a>par <a href=\"http:\/\/observatoire-asap.org\/index.php\/2020\/02\/15\/sylvie-thoron\/\">Sylvie Thoron<\/a><\/li><\/ul>\n\n\n\n<p><\/p>\n","protected":false},"excerpt":{"rendered":"<p>GRH et solutions digitales : la technologie au service des clients par Eric le Tallec Transformer la cybers\u00e9curit\u00e9 par la durabilit\u00e9 par Jeanne Le Roy et Olivier Meier Pour une strat\u00e9gie hybride face \u00e0 la Covid par Jean-Fabrice Lebarty La mise \u00e0 disposition de donn\u00e9es comme levier de changement ? L. Rubens, J. Le Conte, &hellip; <\/p>\n","protected":false},"author":1,"featured_media":360,"parent":0,"menu_order":0,"comment_status":"closed","ping_status":"closed","template":"","meta":{"footnotes":""},"_links":{"self":[{"href":"https:\/\/asap.dever.fr\/index.php\/wp-json\/wp\/v2\/pages\/308"}],"collection":[{"href":"https:\/\/asap.dever.fr\/index.php\/wp-json\/wp\/v2\/pages"}],"about":[{"href":"https:\/\/asap.dever.fr\/index.php\/wp-json\/wp\/v2\/types\/page"}],"author":[{"embeddable":true,"href":"https:\/\/asap.dever.fr\/index.php\/wp-json\/wp\/v2\/users\/1"}],"replies":[{"embeddable":true,"href":"https:\/\/asap.dever.fr\/index.php\/wp-json\/wp\/v2\/comments?post=308"}],"version-history":[{"count":0,"href":"https:\/\/asap.dever.fr\/index.php\/wp-json\/wp\/v2\/pages\/308\/revisions"}],"wp:featuredmedia":[{"embeddable":true,"href":"https:\/\/asap.dever.fr\/index.php\/wp-json\/wp\/v2\/media\/360"}],"wp:attachment":[{"href":"https:\/\/asap.dever.fr\/index.php\/wp-json\/wp\/v2\/media?parent=308"}],"curies":[{"name":"wp","href":"https:\/\/api.w.org\/{rel}","templated":true}]}}