{"id":303,"date":"2020-07-13T10:42:18","date_gmt":"2020-07-13T08:42:18","guid":{"rendered":"http:\/\/observatoire-asap.org\/?page_id=303"},"modified":"2020-07-13T10:42:18","modified_gmt":"2020-07-13T08:42:18","slug":"politique","status":"publish","type":"page","link":"https:\/\/asap.dever.fr\/index.php\/politique\/","title":{"rendered":"Politique"},"content":{"rendered":"\n<ul><li><a href=\"http:\/\/observatoire-asap.org\/index.php\/2022\/03\/22\/renforcement-de-la-participation-du-citoyen-dans-la-democratie-representative-retablissement-de-confiance-ou-palliatif-de-defiance\/\">Renforcement de la participation du citoyen dans la d\u00e9mocratie repr\u00e9sentative : r\u00e9tablissement de d\u00e9fiance ou palliatif de d\u00e9fiance ?<\/a> par <a href=\"http:\/\/observatoire-asap.org\/index.php\/2020\/10\/20\/fabien-blanchot\/\">Fabien Blanchot  <\/a>  <\/li><li><a href=\"http:\/\/observatoire-asap.org\/index.php\/2022\/01\/24\/conseil-academique-conseil-national-des-universites-deux-instances-aux-missions-complementaires-au-service-de-la-reconnaissance-des-enseignants-chercheurs\/\">Conseil Acad\u00e9mique \u2013 Conseil National des Universit\u00e9s : deux instances aux missions compl\u00e9mentaires au service de la reconnaissance des enseignants-chercheurs<\/a> par <a href=\"http:\/\/observatoire-asap.org\/index.php\/2022\/01\/24\/marine-le-gall-ely\/\">Marine Le Gall-Ely<\/a>, <a href=\"http:\/\/observatoire-asap.org\/index.php\/2022\/01\/24\/jeremy-morvan\/\">J\u00e9remy Morvan<\/a>, <a href=\"http:\/\/observatoire-asap.org\/index.php\/2022\/01\/24\/isabelle-sauviat\/\">Isabelle Sauviat<\/a>, <a href=\"http:\/\/observatoire-asap.org\/index.php\/2022\/01\/24\/nathalie-schieb-bienfait\/\">Nathalie Schieb-Bienfait<\/a><\/li><li><a href=\"http:\/\/observatoire-asap.org\/index.php\/2022\/01\/21\/levaluation-individuelle-et-systematique-des-enseignants-chercheurs-origines-enjeux-et-perspectives-du-suivi-de-carriere\/\">L&#8217;\u00e9valuation individuelle et syst\u00e9matique des enseignants-chercheurs<\/a> par <a href=\"http:\/\/observatoire-asap.org\/index.php\/2022\/01\/21\/jean-francois-sattin\/\">Jean-Fran\u00e7ois Sattin<\/a> et <a href=\"http:\/\/observatoire-asap.org\/index.php\/2022\/01\/21\/sophie-cros\/\">Sophie Cros<\/a><\/li><li><a href=\"http:\/\/observatoire-asap.org\/index.php\/2022\/01\/05\/loi-des-quotas-bilan-et-perspectives\/\">Loi des quotas\u00a0: bilan et perspectives<\/a> par <a href=\"http:\/\/observatoire-asap.org\/index.php\/2022\/01\/05\/husserl-ossiba\/\">Husserl Ossiba<\/a> et <a href=\"https:\/\/observatoire-asap.org\/index.php\/2021\/04\/07\/eric-severin\/\">Eric S\u00e9verin<\/a><\/li><li><a href=\"http:\/\/observatoire-asap.org\/index.php\/2021\/11\/22\/pour-une-metamorphose-non-kafkaienne-du-management-public\/\">Pour une m\u00e9tamorphose non kafka\u00efenne du management public<\/a> par<a href=\"http:\/\/observatoire-asap.org\/index.php\/2020\/11\/13\/laurent-cappelletti\/\"> Laurent Cappelletti<\/a><\/li><li><a href=\"http:\/\/observatoire-asap.org\/index.php\/2021\/09\/12\/la-fonction-publique-face-aux-faits-religieux-au-travaillimites-de-la-loi-reaffirmation-nationale-et-modalites-de-reappropriation\/\">La fonction publique face aux faits religieux au travail <\/a>par <a href=\"http:\/\/observatoire-asap.org\/index.php\/2021\/03\/05\/hugo-gaillard\/\">Hugo Gaillard<\/a><\/li><li><a href=\"http:\/\/observatoire-asap.org\/index.php\/2021\/09\/23\/tiers-lieux-a-la-rencontre-de-laction-publique-et-de-laction-privee\/\">Tiers lieux : \u00e0 la rencontre de l&#8217;action publique et de l&#8217;action priv\u00e9e <\/a>par <a href=\"http:\/\/observatoire-asap.org\/index.php\/2020\/11\/24\/denis-cristol\/\">Denis Cristol<\/a><\/li><li><a href=\"http:\/\/observatoire-asap.org\/index.php\/2021\/06\/17\/la-place-de-la-motivation-de-service-public-msp-dans-la-gestion-de-la-crise-du-covid-19\/\">La place de la motivation de service public (MSP) dans la gestion de la crise du Covid-19<\/a> par <a href=\"http:\/\/observatoire-asap.org\/index.php\/2020\/02\/14\/francois-grima\/\">Fran\u00e7ois Grima<\/a> et <a href=\"http:\/\/observatoire-asap.org\/index.php\/2021\/06\/17\/nehme-naim\/\">Nehme Naim<\/a><\/li><li><a href=\"http:\/\/observatoire-asap.org\/index.php\/2021\/06\/07\/linnovation-publique-whats-up\/\">L&#8217;innovation publique: what&#8217;s up?<\/a> par <a href=\"http:\/\/observatoire-asap.org\/index.php\/2021\/06\/04\/madina-rival\/\">Madina Rival<\/a> et <a href=\"http:\/\/observatoire-asap.org\/index.php\/2021\/06\/07\/angelina-arma\/\">Angelina Armandy<\/a><\/li><li><a href=\"http:\/\/observatoire-asap.org\/index.php\/2021\/05\/25\/une-relocalisation-eco-solidaire-et-ecologique-soppose-a-la-mondialisation-liberale-et-au-protectionnisme-nationaliste\/\">Relocalisation \u00e9co-solidaire et \u00e9cologique, oppos\u00e9e \u00e0 mondialisation lib\u00e9rale et protectionnisme nationaliste<\/a> par <a href=\"http:\/\/observatoire-asap.org\/index.php\/2021\/05\/25\/thierry-brugvin\/\">Thierry Brugvin<\/a><\/li><li><a href=\"http:\/\/observatoire-asap.org\/index.php\/2021\/05\/10\/le-processus-de-creation-du-pole-territorial-de-cooperation-economique-ptce-un-levier-de-cooperation-et-daction-societale-sur-les-territoires\/\">Processus de cr\u00e9ation du P\u00f4le Territorial de Coop\u00e9ration Economique<\/a> par <a href=\"http:\/\/observatoire-asap.org\/index.php\/2021\/05\/10\/jennifer-saniossian\/\">Jennifer Saniossian<\/a>, <a href=\"http:\/\/observatoire-asap.org\/index.php\/2021\/05\/10\/christel-beaucourt\/\">Christel Beaucourt<\/a> et <a href=\"http:\/\/observatoire-asap.org\/index.php\/2021\/02\/19\/xavier-lecocq\/\">Xavier Lecocq<\/a><\/li><li><a href=\"http:\/\/observatoire-asap.org\/index.php\/2021\/05\/10\/le-pole-territorial-de-cooperation-economique-ptce-un-moteur-local-du-renouveau-de-laction-publique-et-societale\/\">PTCE : moteur local  du renouveau de l&#8217;action publique et soci\u00e9tale<\/a> par <a href=\"http:\/\/observatoire-asap.org\/index.php\/2021\/05\/10\/jennifer-saniossian\/\">Jennifer Saniossian<\/a>, <a href=\"http:\/\/observatoire-asap.org\/index.php\/2021\/05\/10\/christel-beaucourt\/\">Christel Beaucourt<\/a> et <a href=\"http:\/\/observatoire-asap.org\/index.php\/2021\/02\/19\/xavier-lecocq\/\">Xavier Lecocq<\/a><\/li><li><a href=\"https:\/\/observatoire-asap.org\/index.php\/2021\/04\/13\/onlylyon-une-organisation-unique-de-promotion-territoriale\/\">ONLYLYON, une organisation unique de promotion territoriale<\/a> par <a href=\"https:\/\/observatoire-asap.org\/?p=3039\">Stefano Valdemarin<\/a> et <a href=\"http:\/\/observatoire-asap.org\/index.php\/2020\/11\/21\/ulrike-mayrhofer\/\">Ulrike Mayrhofer<\/a><\/li><li><a href=\"http:\/\/observatoire-asap.org\/index.php\/2021\/07\/16\/la-corruption-sous-ses-differentes-facettes-lexemple-du-liban\/\">La corruption sous ses diff\u00e9rentes facettes : l&#8217;exemple du Liban<\/a> par <a href=\"http:\/\/observatoire-asap.org\/index.php\/2020\/11\/19\/carole-doueiry-verne\/\">Carole Douery Verne<\/a><\/li><li><a href=\"http:\/\/observatoire-asap.org\/index.php\/2021\/03\/02\/les-impacts-socio-economiques-du-dispositif-public-des-ateliers-sante-ville\/\">Les impacts socio-\u00e9conomiques du dispositif public des ASV<\/a> par <a href=\"http:\/\/observatoire-asap.org\/index.php\/2021\/02\/05\/francoise-goter\/\">Fran\u00e7oise Goter<\/a> et <a href=\"http:\/\/observatoire-asap.org\/index.php\/2021\/02\/05\/veronique-zardet\/\">V\u00e9ronique Zardet<\/a><\/li><li><a href=\"http:\/\/observatoire-asap.org\/index.php\/2021\/02\/12\/le-tiers-secteur-au-prisme-dun-keynesianisme-contrarie\/\">Le \u00ab Tiers secteur \u00bb au prisme d\u2019un keyn\u00e9sianisme contrari\u00e9<\/a> par <a href=\"http:\/\/observatoire-asap.org\/index.php\/2020\/11\/13\/elizabeth-couzineau-zegwaard\/\">Elizabeth Couzineau-Zegwaard<\/a> et <a href=\"http:\/\/observatoire-asap.org\/index.php\/2020\/12\/21\/erwan-poiraud\/\">Erwan Poiraud<\/a><\/li><li><a href=\"http:\/\/observatoire-asap.org\/index.php\/2021\/01\/08\/science-democratie-et-innovation-publique-lapport-des-livings-labs\/\">Science, d\u00e9mocratie et innovation publique\u00a0: l\u2019apport des Livings labs<\/a> par <a href=\"http:\/\/observatoire-asap.org\/index.php\/2020\/02\/14\/mathias-bejean\/\">Mathias B\u00e9jean<\/a><\/li><li><a href=\"http:\/\/observatoire-asap.org\/index.php\/2020\/12\/19\/la-majorite-silencieuse-nen-veut-pas\/\">La majorit\u00e9 silencieuse n&#8217;en veut pas ! <\/a>par <a href=\"http:\/\/observatoire-asap.org\/index.php\/2020\/02\/27\/fabrice-hamelin\/\">Fabrice Hamelin<\/a> et <a href=\"http:\/\/observatoire-asap.org\/index.php\/2020\/02\/02\/olivier-meier\/\">Olivier Meier<\/a><\/li><li><a href=\"http:\/\/observatoire-asap.org\/index.php\/2020\/12\/07\/action-publique-emploi-et-territoires-ambiguites-et-interactions-complexes\/\">Action publique, emploi et territoires : ambigu\u00eft\u00e9s et interactions complexes<\/a> par <a href=\"http:\/\/observatoire-asap.org\/index.php\/2020\/11\/30\/sebastien-knockaert\/\">S\u00e9bastien Knockaert<\/a><\/li><li><a href=\"http:\/\/observatoire-asap.org\/index.php\/2020\/12\/01\/la-gouvernance-des-normes-un-levier-defficacite-des-politiques-publiques-le-cas-de-la-crise-de-la-codid-19\/\">La gouvernance des normes, un levier d\u2019efficacit\u00e9 des politiques publiques. Le cas de la crise de la Covid 19<\/a> par <a href=\"http:\/\/observatoire-asap.org\/index.php\/2020\/11\/13\/laurent-cappelletti\/\">Laurent Cappelletti<\/a><\/li><li><a href=\"http:\/\/observatoire-asap.org\/index.php\/2020\/11\/20\/la-preuve-a-lepreuve-reflexions-sur-la-doctrine-du-gouvernement-experimental\/\">La preuve \u00e0 l\u2019\u00e9preuve : r\u00e9flexions sur la doctrine du gouvernement exp\u00e9rimental<\/a> par <a href=\"http:\/\/observatoire-asap.org\/index.php\/2020\/02\/14\/mathias-bejean\/\">Mathias B\u00e9jean<\/a><\/li><li><a href=\"http:\/\/observatoire-asap.org\/index.php\/2020\/10\/24\/lacceptabilite-sociale-le-nouvel-eldorado-de-laction-publique\/\">L&#8217;acceptation sociale, nouvel Eldorado de l&#8217;action publique <\/a>par <a href=\"http:\/\/observatoire-asap.org\/index.php\/2020\/02\/27\/fabrice-hamelin\/\">Fabrice Hamelin <\/a><\/li><li><a href=\"http:\/\/observatoire-asap.org\/index.php\/2020\/10\/01\/lacceptation-sociale-des-politiques-publiques\/\">L\u2019acceptation sociale des politiques publiques <\/a>par <a href=\"http:\/\/observatoire-asap.org\/index.php\/2020\/10\/01\/gilles-lhuilier\/\">Gilles Lhuilier<\/a> et <a href=\"http:\/\/observatoire-asap.org\/index.php\/2020\/02\/02\/olivier-meier\/\">Olivier Meier <\/a><\/li><li><a href=\"http:\/\/observatoire-asap.org\/index.php\/2020\/07\/14\/innovation-publique-et-design-en-france-une-question-de-recherche\/\">Innovation publique et design en France : une question de recherche<\/a><em> <\/em>par <a href=\"http:\/\/observatoire-asap.org\/index.php\/2020\/07\/17\/pascal-arnaud\/\">Pascal Arnaud<\/a><em> <\/em>et <a href=\"http:\/\/observatoire-asap.org\/index.php\/2020\/02\/02\/olivier-meier\/\">Olivier Meier<\/a><\/li><\/ul>\n\n\n\n<p><\/p>\n","protected":false},"excerpt":{"rendered":"<p>Renforcement de la participation du citoyen dans la d\u00e9mocratie repr\u00e9sentative : r\u00e9tablissement de d\u00e9fiance ou palliatif de d\u00e9fiance ? par Fabien Blanchot Conseil Acad\u00e9mique \u2013 Conseil National des Universit\u00e9s : deux instances aux missions compl\u00e9mentaires au service de la reconnaissance des enseignants-chercheurs par Marine Le Gall-Ely, J\u00e9remy Morvan, Isabelle Sauviat, Nathalie Schieb-Bienfait L&#8217;\u00e9valuation individuelle et &hellip; <\/p>\n","protected":false},"author":1,"featured_media":389,"parent":0,"menu_order":0,"comment_status":"closed","ping_status":"closed","template":"","meta":{"footnotes":""},"_links":{"self":[{"href":"https:\/\/asap.dever.fr\/index.php\/wp-json\/wp\/v2\/pages\/303"}],"collection":[{"href":"https:\/\/asap.dever.fr\/index.php\/wp-json\/wp\/v2\/pages"}],"about":[{"href":"https:\/\/asap.dever.fr\/index.php\/wp-json\/wp\/v2\/types\/page"}],"author":[{"embeddable":true,"href":"https:\/\/asap.dever.fr\/index.php\/wp-json\/wp\/v2\/users\/1"}],"replies":[{"embeddable":true,"href":"https:\/\/asap.dever.fr\/index.php\/wp-json\/wp\/v2\/comments?post=303"}],"version-history":[{"count":0,"href":"https:\/\/asap.dever.fr\/index.php\/wp-json\/wp\/v2\/pages\/303\/revisions"}],"wp:featuredmedia":[{"embeddable":true,"href":"https:\/\/asap.dever.fr\/index.php\/wp-json\/wp\/v2\/media\/389"}],"wp:attachment":[{"href":"https:\/\/asap.dever.fr\/index.php\/wp-json\/wp\/v2\/media?parent=303"}],"curies":[{"name":"wp","href":"https:\/\/api.w.org\/{rel}","templated":true}]}}