{"id":3018,"date":"2019-12-30T11:33:16","date_gmt":"2019-12-30T10:33:16","guid":{"rendered":"http:\/\/observatoire-asap.org\/?page_id=4"},"modified":"2019-12-30T11:33:16","modified_gmt":"2019-12-30T10:33:16","slug":"accueil","status":"publish","type":"page","link":"https:\/\/asap.dever.fr\/","title":{"rendered":"Editorial"},"content":{"rendered":"\n<figure class=\"wp-block-image size-large is-resized\"><img loading=\"lazy\" decoding=\"async\" src=\"http:\/\/observatoire-asap.org\/wp-content\/uploads\/2019\/12\/68733EA7-F85E-4E9B-906A-B614223B6BDB.jpeg\" alt=\"Chaire Innovation Publique\" class=\"wp-image-7\" width=\"214\" height=\"83\"\/><\/figure>\n\n\n\n<div class=\"wp-block-columns is-layout-flex wp-container-core-columns-is-layout-1 wp-block-columns-is-layout-flex\">\n<div class=\"wp-block-column is-vertically-aligned-center is-layout-flow wp-block-column-is-layout-flow\" style=\"flex-basis:33.33%\">\n<div class=\"wp-block-image is-style-rounded\"><figure class=\"aligncenter size-thumbnail\"><img loading=\"lazy\" decoding=\"async\" width=\"150\" height=\"150\" src=\"http:\/\/observatoire-asap.org\/wp-content\/uploads\/2020\/01\/Photo-OM-150x150.jpg\" alt=\"\" class=\"wp-image-44\"\/><\/figure><\/div>\n<\/div>\n\n\n\n<div class=\"wp-block-column is-vertically-aligned-center is-layout-flow wp-block-column-is-layout-flow\" style=\"flex-basis:66.66%\">\n<p style=\"text-align: justify;\">Dans le cadre de la <a href=\"https:\/\/chaireip.fr\/\"><em>Chaire &#8220;Innovation Publique<\/em>&#8221; en coll. avec Polytechnique et Sciences Po Paris<\/a>, nous avons souhait\u00e9 cr\u00e9er un <strong>Observatoire d\u00e9di\u00e9 \u00e0 l\u2019impact des transformations sociales et soci\u00e9tales sur l&#8217;action publique<\/strong>. Ces transformations concernent aussi bien les questions li\u00e9es au num\u00e9rique, \u00e0 la mondialisation, au d\u00e9veloppement \u00e9conomique, \u00e9cologique ou social. Il est donc question ici de transformations qui, de fait, se mettent en place au sein de toutes les organisations, y compris les institutions, collectivit\u00e9s territoriales et organisations publiques. Or ce processus ne va pas n\u00e9cessairement de soi et fait \u00e9merger des r\u00e9sistances et freins importants, tant sur le plan structurel, organisationnel que culturel qu\u2019il convient d\u2019identifier et d\u2019analyser avec rigueur.<\/p>\n\n\n\n<p><\/p>\n<\/div>\n<\/div>\n\n\n<p style=\"text-align: justify;\">Ces freins observ\u00e9s sont nombreux et concernent aussi bien le manque de connaissances et de formations, li\u00e9 aux outils et m\u00e9thodologies \u00e0 mettre en \u0153uvre, que la difficult\u00e9 \u00e0 impliquer les acteurs dans ces changements, une fois ces derniers identifi\u00e9s et amorc\u00e9s. Les r\u00e9sistances sont parfois fortes et il est donc parfois n\u00e9cessaire, avant d&#8217;adopter de nouvelles pratiques, de d\u00e9samorcer l&#8217;existant et de pr\u00e9senter les informations de mani\u00e8re \u00e0 ce qu&#8217;elles soient mieux comprises et plus facilement accept\u00e9es.<\/p>\n<p>L&#8217;observatoire ASAP a donc plusieurs r\u00f4les et missions :<\/p>\n<ul>\n<li><strong>Nourrir les d\u00e9bats scientifiques et public<\/strong> (conf\u00e9rences, tables rondes, tribunes, \u00e9missions TV et radios etc.)<\/li>\n<li><strong>Favoriser les \u00e9changes entre acteurs<\/strong> d&#8217;univers et de disciplines diff\u00e9rents (\u00e9conomie-gestion, droit, sociologie, sciences politiques etc.), pour les inciter \u00e0 collaborer dans le cadre de projets au service de l&#8217;action publique et territoriale\u00a0<\/li>\n<li><strong>Collecter et structurer les donn\u00e9es<\/strong> issues du monde acad\u00e9mique et scientifique, afin de dresser un \u00e9tat des lieux de la situation \u00e9conomique, sociale, soci\u00e9tale, sanitaire etc. et proposer des perspectives d&#8217;\u00e9volution<\/li>\n<li><strong>Comprendre l&#8217;impact des actions politiques<\/strong> (\u00e9ducatives, sociales etc.) men\u00e9es au niveau de la gestion de l&#8217;Etat et des territoires<\/li>\n<li><strong>Valoriser par la publication<\/strong> les actions men\u00e9es et leurs \u00e9valuations dans un souci de transparence et d&#8217;utilit\u00e9 sociale<\/li>\n<li><strong>Accompagner et soutenir<\/strong> les acteurs de l&#8217;action publique dans leurs d\u00e9marches et leurs programmes d&#8217;actions (recherche-intervention, recherche-action, expertises et formation)<\/li>\n<\/ul>\n<p style=\"text-align: justify;\">Cet Observatoire s\u2019adresse aux citoyens, \u00e9tudiants, chercheurs, professionnels et institutionnels\u2026, d\u00e9sireux de participer \u00e0 la construction de l\u2019Action Publique de demain \u00e0 travers des productions d&#8217;articles, des ouvrages, des s\u00e9minaires, des ateliers cr\u00e9atifs, et des conf\u00e9rences participatives.\u00a0<\/p>\n<div style=\"text-align: justify;\"><span style=\"font-family: Noto Serif;\">\u00a0<\/span><\/div>\n<div>\u00a0<\/div>\n<p style=\"text-align: right;\"><a href=\"http:\/\/observatoire-asap.org\/index.php\/2020\/02\/02\/olivier-meier\/\"><span style=\"font-family: Noto Serif;\"><strong>Pr. Olivier MEIER\u00a0<\/strong><\/span><\/a><br \/>Directeur de l&#8217;Observatoire ASAP<\/p>\n<p>\u00a0<\/p>\n<p style=\"text-align: right;\">\u00a0<\/p>\n\n\n<figure class=\"wp-block-image size-large\"><img loading=\"lazy\" decoding=\"async\" width=\"206\" height=\"76\" src=\"http:\/\/observatoire-asap.org\/wp-content\/uploads\/2021\/01\/cropped-EIEP_Logo_Bureautique_mod1-ConvertImage.jpg\" alt=\"\" class=\"wp-image-1778\" srcset=\"https:\/\/asap.dever.fr\/wp-content\/uploads\/2021\/01\/cropped-EIEP_Logo_Bureautique_mod1-ConvertImage.jpg 206w, https:\/\/asap.dever.fr\/wp-content\/uploads\/2021\/01\/cropped-EIEP_Logo_Bureautique_mod1-ConvertImage-163x60.jpg 163w\" sizes=\"(max-width: 206px) 100vw, 206px\" \/><\/figure>\n\n\n\n<p><\/p>\n","protected":false},"excerpt":{"rendered":"<p>Dans le cadre de la Chaire &#8220;Innovation Publique&#8221; en coll. avec Polytechnique et Sciences Po Paris, nous avons souhait\u00e9 cr\u00e9er un Observatoire d\u00e9di\u00e9 \u00e0 l\u2019impact des transformations sociales et soci\u00e9tales sur l&#8217;action publique. Ces transformations concernent aussi bien les questions li\u00e9es au num\u00e9rique, \u00e0 la mondialisation, au d\u00e9veloppement \u00e9conomique, \u00e9cologique ou social. Il est donc &hellip; <\/p>\n","protected":false},"author":1,"featured_media":0,"parent":3019,"menu_order":0,"comment_status":"closed","ping_status":"closed","template":"","meta":{"footnotes":""},"_links":{"self":[{"href":"https:\/\/asap.dever.fr\/index.php\/wp-json\/wp\/v2\/pages\/3018"}],"collection":[{"href":"https:\/\/asap.dever.fr\/index.php\/wp-json\/wp\/v2\/pages"}],"about":[{"href":"https:\/\/asap.dever.fr\/index.php\/wp-json\/wp\/v2\/types\/page"}],"author":[{"embeddable":true,"href":"https:\/\/asap.dever.fr\/index.php\/wp-json\/wp\/v2\/users\/1"}],"replies":[{"embeddable":true,"href":"https:\/\/asap.dever.fr\/index.php\/wp-json\/wp\/v2\/comments?post=3018"}],"version-history":[{"count":0,"href":"https:\/\/asap.dever.fr\/index.php\/wp-json\/wp\/v2\/pages\/3018\/revisions"}],"up":[{"embeddable":true,"href":"https:\/\/asap.dever.fr\/index.php\/wp-json\/wp\/v2\/pages\/3019"}],"wp:attachment":[{"href":"https:\/\/asap.dever.fr\/index.php\/wp-json\/wp\/v2\/media?parent=3018"}],"curies":[{"name":"wp","href":"https:\/\/api.w.org\/{rel}","templated":true}]}}