{"id":292,"date":"2020-07-13T10:26:24","date_gmt":"2020-07-13T08:26:24","guid":{"rendered":"http:\/\/observatoire-asap.org\/?page_id=292"},"modified":"2020-07-13T10:26:24","modified_gmt":"2020-07-13T08:26:24","slug":"veille-juridique","status":"publish","type":"page","link":"https:\/\/asap.dever.fr\/index.php\/veille-juridique\/","title":{"rendered":"Juridique"},"content":{"rendered":"\n<ul><li><a href=\"http:\/\/observatoire-asap.org\/index.php\/2022\/03\/30\/la-conservation-generalisee-et-indifferenciee-des-donnees-de-connexion-a-des-fins-de-preuve-penale-debat-entre-exigence-de-securite-et-respect-de-la-vie-privee\/\">La conservation g\u00e9n\u00e9ralis\u00e9e et indiff\u00e9renci\u00e9e des donn\u00e9es de connexion \u00e0 des fins de preuve p\u00e9nale<\/a> par <a href=\"http:\/\/observatoire-asap.org\/index.php\/2020\/10\/23\/marie-helene-gostiaux\/\">Marie H\u00e9l\u00e8ne Gostiaux<\/a> \u00a0<\/li><li><a href=\"http:\/\/observatoire-asap.org\/index.php\/2021\/06\/28\/de-limportance-dune-strategie-collective-en-matiere-de-cybersecurite\/\">De l\u2019importance d\u2019une strat\u00e9gie collective en mati\u00e8re de cybers\u00e9curit\u00e9<\/a> par <a href=\"http:\/\/observatoire-asap.org\/index.php\/2020\/10\/23\/marie-helene-gostiaux\/\">Marie H\u00e9l\u00e8ne Gostiaux<\/a><\/li><li><a href=\"http:\/\/observatoire-asap.org\/index.php\/2021\/05\/26\/lintelligence-artificielle-une-technologie-a-la-croisee-des-sciences-quelle-regulation-aujourdhui\/\">L\u2019Intelligence artificielle, une technologie \u00e0 la crois\u00e9e des sciences\u00a0: quelle r\u00e9gulation aujourd\u2019hui\u00a0?<\/a> par <a href=\"http:\/\/observatoire-asap.org\/index.php\/2020\/10\/23\/marie-helene-gostiaux\/\">Marie-H\u00e9l\u00e8ne Gostiaux<\/a><\/li><li><a href=\"http:\/\/observatoire-asap.org\/index.php\/2021\/04\/22\/big-data-et-droit-une-question-de-pouvoir-et-de-position-dominante\/\">Big Data et droit, une question de pouvoir et de position dominante<\/a> par <a href=\"http:\/\/observatoire-asap.org\/index.php\/2020\/10\/23\/marie-helene-gostiaux\/\">Marie H\u00e9l\u00e8ne Gostiaux<\/a><\/li><li><a href=\"http:\/\/observatoire-asap.org\/index.php\/2021\/04\/20\/lusage-du-droit-en-matiere-de-communiques-de-presse\/\"><\/a><a href=\"http:\/\/observatoire-asap.org\/index.php\/2021\/04\/20\/lusage-du-droit-en-matiere-de-communiques-de-presse\/\">L\u2019usage des communiqu\u00e9s de presse par les acteurs du droit<\/a> par <a href=\"http:\/\/observatoire-asap.org\/index.php\/2021\/04\/06\/claire-cuvelier\/\">Claire Cuvelier<\/a><\/li><li><a href=\"http:\/\/observatoire-asap.org\/index.php\/2021\/03\/31\/le-difficile-arbitrage-public-entre-ethique-et-transformation-numerique\/\">Le difficile arbitrage public entre \u00e9thique et transformation num\u00e9rique<\/a> par <a href=\"http:\/\/observatoire-asap.org\/index.php\/2020\/10\/23\/marie-helene-gostiaux\/\">Marie-H\u00e9l\u00e8ne Gostiaux<\/a><\/li><li><a href=\"https:\/\/observatoire-asap.org\/index.php\/2021\/02\/17\/le-principe-de-responsabilite-pour-risques-environnementaux-2-2\/\">Le principe de responsabilit\u00e9 pour risques environnementaux (2\/2)<\/a> par <a href=\"https:\/\/observatoire-asap.org\/index.php\/2021\/02\/01\/marine-fouquet\/\">Marine Fouquet<\/a><\/li><li><a href=\"https:\/\/observatoire-asap.org\/index.php\/2021\/02\/17\/droits-nationaux-et-societes-transnationales-le-cas-des-risques-environnementaux-1-2\/\">Droits nationaux et soci\u00e9t\u00e9s transnationales : le cas des risques environnementaux (1\/2)<\/a> par <a href=\"https:\/\/observatoire-asap.org\/index.php\/2021\/02\/01\/marine-fouquet\/\">Marine Fouquet<\/a><\/li><li><a href=\"http:\/\/observatoire-asap.org\/index.php\/2020\/07\/13\/lactualite-legislative-et-reglementaire-francaise-du-1er-novembre-2019-au-1er-juillet-2020\/\">L\u2019actualit\u00e9 l\u00e9gislative et r\u00e9glementaire fran\u00e7aise du 1er novembre 2019 au 1er juillet 2020<\/a> par <a href=\"http:\/\/observatoire-asap.org\/index.php\/2020\/02\/14\/maite-guillemain\/\">Ma\u00eft\u00e9 Guillemain<\/a><\/li><li><a href=\"http:\/\/observatoire-asap.org\/index.php\/2020\/02\/02\/le-droit-dauteur-des-agents-publics\/\">Le droit d\u2019auteur des agents publics<\/a> par <a href=\"http:\/\/observatoire-asap.org\/index.php\/2020\/02\/14\/maite-guillemain\/\">Ma\u00eft\u00e9 Guillemain<\/a><\/li><\/ul>\n","protected":false},"excerpt":{"rendered":"<p>La conservation g\u00e9n\u00e9ralis\u00e9e et indiff\u00e9renci\u00e9e des donn\u00e9es de connexion \u00e0 des fins de preuve p\u00e9nale par Marie H\u00e9l\u00e8ne Gostiaux \u00a0 De l\u2019importance d\u2019une strat\u00e9gie collective en mati\u00e8re de cybers\u00e9curit\u00e9 par Marie H\u00e9l\u00e8ne Gostiaux L\u2019Intelligence artificielle, une technologie \u00e0 la crois\u00e9e des sciences\u00a0: quelle r\u00e9gulation aujourd\u2019hui\u00a0? par Marie-H\u00e9l\u00e8ne Gostiaux Big Data et droit, une question de &hellip; <\/p>\n","protected":false},"author":1,"featured_media":371,"parent":0,"menu_order":0,"comment_status":"closed","ping_status":"closed","template":"","meta":{"footnotes":""},"_links":{"self":[{"href":"https:\/\/asap.dever.fr\/index.php\/wp-json\/wp\/v2\/pages\/292"}],"collection":[{"href":"https:\/\/asap.dever.fr\/index.php\/wp-json\/wp\/v2\/pages"}],"about":[{"href":"https:\/\/asap.dever.fr\/index.php\/wp-json\/wp\/v2\/types\/page"}],"author":[{"embeddable":true,"href":"https:\/\/asap.dever.fr\/index.php\/wp-json\/wp\/v2\/users\/1"}],"replies":[{"embeddable":true,"href":"https:\/\/asap.dever.fr\/index.php\/wp-json\/wp\/v2\/comments?post=292"}],"version-history":[{"count":0,"href":"https:\/\/asap.dever.fr\/index.php\/wp-json\/wp\/v2\/pages\/292\/revisions"}],"wp:featuredmedia":[{"embeddable":true,"href":"https:\/\/asap.dever.fr\/index.php\/wp-json\/wp\/v2\/media\/371"}],"wp:attachment":[{"href":"https:\/\/asap.dever.fr\/index.php\/wp-json\/wp\/v2\/media?parent=292"}],"curies":[{"name":"wp","href":"https:\/\/api.w.org\/{rel}","templated":true}]}}