{"id":272,"date":"2020-07-13T09:51:59","date_gmt":"2020-07-13T07:51:59","guid":{"rendered":"http:\/\/observatoire-asap.org\/?page_id=272"},"modified":"2020-07-13T09:51:59","modified_gmt":"2020-07-13T07:51:59","slug":"les-auteurs","status":"publish","type":"page","link":"https:\/\/asap.dever.fr\/index.php\/les-auteurs\/","title":{"rendered":"Les membres"},"content":{"rendered":"\n<div class=\"wp-block-columns is-layout-flex wp-container-core-columns-is-layout-1 wp-block-columns-is-layout-flex\">\n<div class=\"wp-block-column is-layout-flow wp-block-column-is-layout-flow\">\n<figure class=\"wp-block-table\"><table><tbody><tr><td><strong>P\u00f4le Recherche<\/strong><\/td><\/tr><tr><td><a href=\"http:\/\/observatoire-asap.org\/index.php\/2022\/01\/15\/blandine-ageron\/\">Blandine Ageron<\/a><\/td><\/tr><tr><td><a href=\"http:\/\/observatoire-asap.org\/index.php\/2022\/02\/03\/therese-albertini\/\">Th\u00e9r\u00e8se Albertini<\/a><\/td><\/tr><tr><td><a href=\"https:\/\/observatoire-asap.org\/index.php\/2021\/03\/15\/christele-assegond\/\">Christ\u00e8le Assegond<\/a><\/td><\/tr><tr><td><a href=\"http:\/\/observatoire-asap.org\/index.php\/2021\/06\/24\/carla-bader\/\">Carla Bader<\/a><\/td><\/tr><tr><td><a href=\"http:\/\/observatoire-asap.org\/index.php\/2020\/11\/23\/michel-barabel\/\">Michel Barabel<\/a><\/td><\/tr><tr><td><a href=\"http:\/\/observatoire-asap.org\/index.php\/2021\/05\/10\/christel-beaucourt\/\">Christel Beaucourt<\/a><\/td><\/tr><tr><td><a href=\"http:\/\/observatoire-asap.org\/index.php\/2020\/02\/14\/mathias-bejean\/\">Mathias B\u00e9jean<\/a><\/td><\/tr><tr><td><a href=\"http:\/\/observatoire-asap.org\/index.php\/2021\/01\/19\/omar-bentahar\/\">Omar Bentahar<\/a><\/td><\/tr><tr><td><a href=\"https:\/\/observatoire-asap.org\/index.php\/2021\/01\/19\/smail-benzidia\/\">Smail Benzidia<\/a><\/td><\/tr><tr><td><a href=\"http:\/\/observatoire-asap.org\/index.php\/2022\/02\/03\/delphine-bereni\/\">Delphine Bereni<\/a><\/td><\/tr><tr><td><a href=\"http:\/\/observatoire-asap.org\/index.php\/2021\/12\/08\/jeanne-bessouat\/\">Jeanne Bessouat<\/a><\/td><\/tr><tr><td><a href=\"http:\/\/observatoire-asap.org\/index.php\/2020\/10\/20\/fabien-blanchot\/\">Fabien Blanchot<\/a><\/td><\/tr><tr><td><a href=\"http:\/\/observatoire-asap.org\/index.php\/2022\/01\/04\/marc-bidan\/\">Marc Bidan<\/a><\/td><\/tr><tr><td><a href=\"http:\/\/observatoire-asap.org\/index.php\/2021\/01\/19\/marc-bonnet\/\">Marc Bonnet<\/a><\/td><\/tr><tr><td><a href=\"http:\/\/observatoire-asap.org\/index.php\/2020\/11\/13\/laurent-cappelletti\/\">Laurent Cappelletti<\/a><\/td><\/tr><tr><td><a href=\"http:\/\/observatoire-asap.org\/index.php\/2020\/11\/29\/marie-christine-chalus-sauvannet\/\">Marie-Christine Chalus-Sauvannet<\/a><\/td><\/tr><tr><td><a href=\"http:\/\/observatoire-asap.org\/index.php\/2020\/10\/23\/stephanie-chatelain-ponroy\/\">St\u00e9phanie Chatelain-Ponroy<\/a><\/td><\/tr><tr><td><a href=\"http:\/\/observatoire-asap.org\/index.php\/2020\/10\/26\/olivier-codou\/\">Olivier Codou<\/a><\/td><\/tr><tr><td><a href=\"http:\/\/observatoire-asap.org\/index.php\/2020\/11\/18\/francois-combes\/\">Fran\u00e7ois Combes<\/a><\/td><\/tr><tr><td><a href=\"http:\/\/observatoire-asap.org\/index.php\/2020\/11\/13\/elizabeth-couzineau-zegwaard\/\">Elizabeth Couzineau-Zegwaard<\/a><\/td><\/tr><tr><td><a href=\"http:\/\/observatoire-asap.org\/index.php\/2022\/01\/21\/sophie-cros\/\">Sophie Cros<\/a><\/td><\/tr><tr><td><a href=\"http:\/\/observatoire-asap.org\/index.php\/2021\/04\/06\/claire-cuvelier\/\">Claire Cuvelier<\/a><\/td><\/tr><tr><td><a href=\"http:\/\/observatoire-asap.org\/index.php\/2020\/02\/14\/yves-de-curraize\/\">Yves De Curraize<\/a><\/td><\/tr><tr><td><a href=\"http:\/\/observatoire-asap.org\/index.php\/2020\/11\/09\/ahmed-dammak\/\">Ahmed Dammak<\/a><\/td><\/tr><tr><td><a href=\"http:\/\/observatoire-asap.org\/index.php\/2022\/01\/15\/mickael-david\/\">Micka\u00ebl David<\/a><\/td><\/tr><tr><td><a href=\"http:\/\/observatoire-asap.org\/index.php\/2020\/12\/15\/frederique-dejean\/\">Fr\u00e9d\u00e9rique D\u00e9jean<\/a><\/td><\/tr><tr><td><a href=\"http:\/\/observatoire-asap.org\/index.php\/2021\/07\/05\/benjamin-denecheau\/\">Benjamin Denecheau<\/a><\/td><\/tr><tr><td><a href=\"http:\/\/observatoire-asap.org\/index.php\/2021\/07\/06\/jean-philippe-denis\/\">Jean-Philippe Denis<\/a><\/td><\/tr><tr><td><a href=\"http:\/\/observatoire-asap.org\/index.php\/2020\/10\/24\/aude-deville\/\">Aude Deville<\/a><\/td><\/tr><tr><td><a href=\"http:\/\/observatoire-asap.org\/index.php\/2020\/11\/19\/carole-doueiry-verne\/\">Carole Douery Verne<\/a><\/td><\/tr><tr><td><a href=\"http:\/\/observatoire-asap.org\/index.php\/2020\/02\/15\/maryvonne-dussaux\/\">Maryvonne Dussaux<\/a><\/td><\/tr><tr><td><a href=\"http:\/\/observatoire-asap.org\/index.php\/2022\/01\/18\/veronique-favre-bonte\/\">V\u00e9ronique Favre-Bont\u00e9<\/a><\/td><\/tr><tr><td><a href=\"https:\/\/observatoire-asap.org\/index.php\/2021\/02\/01\/marine-fouquet\/\">Marine Fouquet<\/a><\/td><\/tr><tr><td><a href=\"http:\/\/observatoire-asap.org\/index.php\/2020\/02\/02\/emilie-frenkiel\/\">Emilie Frenkiel<\/a><\/td><\/tr><tr><td><a href=\"http:\/\/observatoire-asap.org\/index.php\/2020\/02\/25\/cedric-fretigne\/\">C\u00e9dric Fr\u00e9tign\u00e9<\/a><\/td><\/tr><tr><td><a href=\"http:\/\/observatoire-asap.org\/index.php\/2021\/03\/05\/hugo-gaillard\/\">Hugo Gaillard<\/a><\/td><\/tr><tr><td><a href=\"http:\/\/observatoire-asap.org\/index.php\/2021\/03\/23\/irene-georgescu\/\">Ir\u00e8ne Georgescu<\/a><\/td><\/tr><tr><td><a href=\"http:\/\/observatoire-asap.org\/index.php\/2022\/02\/07\/sylvie-gerbaix\/\">Sylvie Gerbaix<\/a><\/td><\/tr><tr><td><a href=\"http:\/\/observatoire-asap.org\/index.php\/2020\/10\/16\/patrick-gosling\/\">Patrick Gosling<\/a><\/td><\/tr><tr><td><a href=\"http:\/\/observatoire-asap.org\/index.php\/2021\/02\/05\/francoise-goter\/\">Fran\u00e7oise Goter<\/a><\/td><\/tr><tr><td><a href=\"http:\/\/observatoire-asap.org\/index.php\/2020\/02\/14\/francois-grima\/\">Fran\u00e7ois Grima<\/a><\/td><\/tr><tr><td><a href=\"http:\/\/observatoire-asap.org\/index.php\/2020\/02\/14\/maite-guillemain\/\">Ma\u00eft\u00e9 Guillemain<\/a><\/td><\/tr><tr><td><a href=\"http:\/\/observatoire-asap.org\/index.php\/2020\/02\/27\/fabrice-hamelin\/\">Fabrice Hamelin<\/a><\/td><\/tr><tr><td><a href=\"http:\/\/observatoire-asap.org\/index.php\/2022\/02\/03\/solange-hernandez\/\">Solange Hernandez<\/a><\/td><\/tr><tr><td><a href=\"https:\/\/observatoire-asap.org\/index.php\/2021\/01\/19\/julien-husson\/\">Julien Husson<\/a><\/td><\/tr><tr><td><a href=\"http:\/\/observatoire-asap.org\/index.php\/2020\/11\/24\/benoit-journe\/\">Beno\u00eet Journ\u00e9<\/a> <\/td><\/tr><tr><td><a href=\"http:\/\/observatoire-asap.org\/index.php\/2020\/02\/27\/jeanne-le-roy\/\">Jeanne Le Roy<\/a><\/td><\/tr><tr><td><a href=\"http:\/\/observatoire-asap.org\/index.php\/2020\/11\/25\/jean-fabrice-lebraty\/\">Jean-Fabrice Lebraty<\/a><\/td><\/tr><tr><td><a href=\"https:\/\/observatoire-asap.org\/?p=2177\">Xavier Lecocq<\/a><\/td><\/tr><tr><td><a href=\"http:\/\/observatoire-asap.org\/index.php\/2022\/01\/24\/marine-le-gall-ely\/\">Marine Le Gall-Ely<\/a><\/td><\/tr><tr><td><a href=\"http:\/\/observatoire-asap.org\/index.php\/2021\/06\/24\/zoe-le-squeren\/\">Zo\u00e9 Le Squeren<\/a><\/td><\/tr><tr><td><a href=\"http:\/\/observatoire-asap.org\/index.php\/2020\/10\/01\/gilles-lhuilier\/\">Gilles Lhuilier<\/a><\/td><\/tr><tr><td><a href=\"http:\/\/observatoire-asap.org\/index.php\/2020\/10\/01\/kurosh-madani\/\">Kurosh Madani<\/a><\/td><\/tr><tr><td><a href=\"http:\/\/observatoire-asap.org\/index.php\/2020\/10\/19\/florent-madelaine\/\">Florent Madelaine<\/a><\/td><\/tr><tr><td><a href=\"http:\/\/observatoire-asap.org\/index.php\/2020\/11\/21\/ulrike-mayrhofer\/\">Ulrike Mayrhofer<\/a><\/td><\/tr><tr><td><a href=\"http:\/\/observatoire-asap.org\/index.php\/2020\/02\/02\/olivier-meier\/\">Olivier Meier<\/a><\/td><\/tr><tr><td><a href=\"http:\/\/observatoire-asap.org\/index.php\/2020\/11\/13\/pierre-xavier-meschi\/\">Pierre Xavier Meschi<\/a><\/td><\/tr><tr><td><a href=\"https:\/\/observatoire-asap.org\/index.php\/2020\/12\/06\/karim-messeghem\/\">Karim Messeghem<\/a><\/td><\/tr><tr><td><a href=\"http:\/\/observatoire-asap.org\/index.php\/2022\/02\/07\/sylvie-michel\/\">Sylvie Michel<\/a><\/td><\/tr><tr><td><a href=\"http:\/\/observatoire-asap.org\/index.php\/2022\/01\/24\/jeremy-morvan\/\">J\u00e9r\u00e9my Morvan<\/a><\/td><\/tr><tr><td><a href=\"http:\/\/observatoire-asap.org\/index.php\/2021\/03\/23\/gerald-naro\/\">G\u00e9rald Naro<\/a><\/td><\/tr><tr><td><a href=\"http:\/\/observatoire-asap.org\/index.php\/2022\/01\/28\/emmanuelle-negre\/\">Emmanuelle N\u00e8gre<\/a><\/td><\/tr><tr><td><a href=\"http:\/\/observatoire-asap.org\/index.php\/2020\/10\/20\/isabelle-nicolai\/\">Isabelle Nicola\u00ef<\/a><\/td><\/tr><tr><td><a href=\"http:\/\/observatoire-asap.org\/index.php\/2020\/12\/04\/florence-noguera\/\">Florence Noguera<\/a><\/td><\/tr><tr><td><a href=\"http:\/\/observatoire-asap.org\/index.php\/2022\/01\/18\/nathalie-oriol-2\/\">Nathalie Oriol<\/a><\/td><\/tr><tr><td><a href=\"http:\/\/observatoire-asap.org\/index.php\/2021\/04\/07\/gilles-pache\/\">Gilles Pach\u00e9<\/a><\/td><\/tr><tr><td><a href=\"http:\/\/observatoire-asap.org\/index.php\/2020\/02\/14\/yves-palau\/\">Yves Palau<\/a><\/td><\/tr><tr><td><a href=\"http:\/\/observatoire-asap.org\/index.php\/2020\/11\/06\/bertrand-pauget\/\">Bertrand Pauget<\/a><\/td><\/tr><tr><td><a href=\"http:\/\/observatoire-asap.org\/index.php\/2020\/10\/27\/isabelle-portelinha\/\">Isabelle Portelinha<\/a><\/td><\/tr><tr><td><a href=\"http:\/\/observatoire-asap.org\/index.php\/2020\/10\/19\/daniel-priolo\/\">Daniel Priolo<\/a><\/td><\/tr><tr><td><a href=\"http:\/\/observatoire-asap.org\/index.php\/2020\/11\/17\/baptiste-rappin\/\">Baptiste Rappin<\/a><\/td><\/tr><tr><td><a href=\"http:\/\/observatoire-asap.org\/index.php\/2021\/03\/03\/sarah-richard\/\">Sarah Richard<\/a><\/td><\/tr><tr><td><a href=\"https:\/\/observatoire-asap.org\/?p=3349\">Madina Rival<\/a><\/td><\/tr><tr><td><a href=\"http:\/\/observatoire-asap.org\/index.php\/2020\/02\/02\/lolita-rubens\/\">Lolita Rubens<\/a><\/td><\/tr><tr><td><a href=\"http:\/\/observatoire-asap.org\/index.php\/2021\/05\/07\/salomee-ruel\/\">Salom\u00e9e Ruel<\/a><\/td><\/tr><tr><td><a href=\"http:\/\/observatoire-asap.org\/index.php\/2021\/05\/10\/jennifer-saniossian\/\">Jennifer Saniossian<\/a><\/td><\/tr><tr><td><a href=\"http:\/\/observatoire-asap.org\/index.php\/2022\/01\/21\/jean-francois-sattin\/\">Jean-Fran\u00e7ois Sattin<\/a><\/td><\/tr><tr><td><a href=\"http:\/\/observatoire-asap.org\/index.php\/2022\/01\/24\/isabelle-sauviat\/\">Isabelle Sauviat<\/a><\/td><\/tr><tr><td><a href=\"http:\/\/observatoire-asap.org\/index.php\/2021\/02\/05\/henri-savall\/\">Henri Savall<\/a><\/td><\/tr><tr><td><a href=\"http:\/\/observatoire-asap.org\/index.php\/2022\/01\/24\/nathalie-schieb-bienfait\/\">Nathalie Schieb-Bienfait<\/a><\/td><\/tr><tr><td><a href=\"http:\/\/observatoire-asap.org\/index.php\/2020\/11\/26\/guillaume-schier\/\">Guillaume Schier<\/a><\/td><\/tr><tr><td><a href=\"https:\/\/observatoire-asap.org\/index.php\/2021\/04\/07\/eric-severin\/\">Eric S\u00e9verin<\/a><\/td><\/tr><tr><td><a href=\"http:\/\/observatoire-asap.org\/index.php\/2020\/11\/23\/anne-sophie-thelisson\/\">Anne-Sophie Thelisson<\/a><\/td><\/tr><tr><td><a href=\"http:\/\/observatoire-asap.org\/index.php\/2020\/02\/15\/sylvie-thoron\/\">Sylvie Thoron<\/a><\/td><\/tr><tr><td><a href=\"http:\/\/observatoire-asap.org\/index.php\/2020\/02\/28\/pierre-valarcher\/\">Pierre Valarcher<\/a><\/td><\/tr><tr><td><a href=\"https:\/\/observatoire-asap.org\/?p=3039\">Stefano Valdemarin<\/a><\/td><\/tr><tr><td><a href=\"http:\/\/observatoire-asap.org\/index.php\/2022\/03\/17\/david-veganzones\/\">David Veganzones<\/a><\/td><\/tr><tr><td><a href=\"http:\/\/observatoire-asap.org\/?p=981\">Ga\u00ebl Villeneuve<\/a><\/td><\/tr><tr><td><a href=\"http:\/\/observatoire-asap.org\/index.php\/2021\/02\/05\/veronique-zardet\/\">V\u00e9ronique Zardet<\/a><\/td><\/tr><\/tbody><\/table><\/figure>\n<\/div>\n\n\n\n<div class=\"wp-block-column is-layout-flow wp-block-column-is-layout-flow\">\n<figure class=\"wp-block-table\"><table><tbody><tr><td><strong>P\u00f4le Expertise<\/strong><\/td><\/tr><tr><td><a href=\"http:\/\/observatoire-asap.org\/index.php\/2021\/11\/25\/armando-de-oliveira\/\">Armando De Oliveira<\/a><\/td><\/tr><tr><td><a href=\"http:\/\/observatoire-asap.org\/index.php\/2021\/06\/07\/angelina-arma\/\">Ang\u00e9lina Armandy<\/a><\/td><\/tr><tr><td><a href=\"http:\/\/observatoire-asap.org\/index.php\/2020\/07\/17\/pascal-arnaud\/\">Pascal Arnaud<\/a><\/td><\/tr><tr><td><a href=\"http:\/\/observatoire-asap.org\/index.php\/2021\/03\/23\/marlene-barreda\/\">Marl\u00e8ne Barreda<\/a><\/td><\/tr><tr><td><a href=\"http:\/\/observatoire-asap.org\/index.php\/2021\/04\/17\/maxime-blanc\/\">Maxime Blanc<\/a><\/td><\/tr><tr><td><a href=\"http:\/\/observatoire-asap.org\/index.php\/2020\/11\/26\/ronald-boucher\/\">Ronald Boucher<\/a><\/td><\/tr><tr><td><a href=\"http:\/\/observatoire-asap.org\/index.php\/2020\/11\/06\/mathilde-briere\/\">Mathilde Bri\u00e8re<\/a><\/td><\/tr><tr><td><a href=\"http:\/\/observatoire-asap.org\/index.php\/2020\/07\/16\/xavier-brisbois\/\">Xavier Brisbois<\/a><\/td><\/tr><tr><td><a href=\"http:\/\/observatoire-asap.org\/index.php\/2021\/05\/25\/thierry-brugvin\/\">Thierry Brugvin<\/a><\/td><\/tr><tr><td><a href=\"http:\/\/observatoire-asap.org\/index.php\/2020\/11\/16\/thierry-carlier\/\">Thierry Carlier<\/a><\/td><\/tr><tr><td><a href=\"http:\/\/observatoire-asap.org\/index.php\/2020\/11\/25\/jeanne-cartillier\/\">Jeanne Cartillier<\/a><\/td><\/tr><tr><td><a href=\"http:\/\/observatoire-asap.org\/index.php\/2021\/01\/04\/julie-chabaud\/\">Julie Chabaud<\/a><\/td><\/tr><tr><td><a href=\"https:\/\/observatoire-asap.org\/index.php\/2021\/03\/24\/laurent-chateau\/\">Laurent Chateau<\/a><\/td><\/tr><tr><td><a href=\"http:\/\/observatoire-asap.org\/index.php\/2021\/09\/21\/jerome-coullare\/\">J\u00e9r\u00f4me Coullar\u00e9<\/a><\/td><\/tr><tr><td><a href=\"http:\/\/observatoire-asap.org\/index.php\/2020\/11\/24\/denis-cristol\/\">Denis Cristol<\/a><\/td><\/tr><tr><td><a href=\"http:\/\/observatoire-asap.org\/index.php\/2021\/11\/25\/armando-de-oliveira\/\">Armando De Oliveira<\/a><\/td><\/tr><tr><td><a href=\"https:\/\/observatoire-asap.org\/index.php\/2021\/04\/07\/jerome-dupuis\/\">J\u00e9r\u00f4me Dupuis<\/a><\/td><\/tr><tr><td><a href=\"http:\/\/observatoire-asap.org\/index.php\/2020\/12\/28\/manon-etienne\/\">Manon Etienne<\/a><\/td><\/tr><tr><td><a href=\"http:\/\/observatoire-asap.org\/index.php\/2020\/11\/18\/julien-fernando\/\">Julien Fernando<\/a><\/td><\/tr><tr><td><a href=\"http:\/\/observatoire-asap.org\/index.php\/2020\/12\/01\/jerome-friteau\/\">J\u00e9r\u00f4me Friteau<\/a><\/td><\/tr><tr><td><a href=\"https:\/\/observatoire-asap.org\/index.php\/2021\/04\/02\/eric-jean-garcia\/\">Eric-Jean Garcia<\/a><\/td><\/tr><tr><td><a href=\"http:\/\/observatoire-asap.org\/index.php\/2022\/03\/31\/francois-geuze\/\">Fran\u00e7ois Geuze<\/a><\/td><\/tr><tr><td><a href=\"http:\/\/observatoire-asap.org\/index.php\/2021\/03\/15\/gael-giraud\/\">Ga\u00ebl Giraud<\/a><\/td><\/tr><tr><td><a href=\"https:\/\/observatoire-asap.org\/index.php\/2020\/12\/14\/melanie-gaultier\/\">M\u00e9lanie Gaultier<\/a><\/td><\/tr><tr><td><a href=\"https:\/\/observatoire-asap.org\/index.php\/2020\/12\/14\/sabrina-hedroug\/\">Sabrina Hedroug<\/a><\/td><\/tr><tr><td><a href=\"http:\/\/observatoire-asap.org\/index.php\/2020\/10\/23\/marie-helene-gostiaux\/\">Marie-H\u00e9l\u00e8ne Gostiaux<\/a><\/td><\/tr><tr><td><a href=\"http:\/\/observatoire-asap.org\/index.php\/2020\/10\/13\/olivier-hirt\/\">Olivier Hirt<\/a><\/td><\/tr><tr><td><a href=\"http:\/\/observatoire-asap.org\/index.php\/2020\/11\/29\/jean-luc-jarrin\/\">Jean-Luc Jarrin<\/a><\/td><\/tr><tr><td><a href=\"http:\/\/observatoire-asap.org\/index.php\/2021\/03\/02\/cecile-joly\/\">C\u00e9cile Joly<\/a><\/td><\/tr><tr><td><a href=\"http:\/\/observatoire-asap.org\/index.php\/2020\/11\/30\/sebastien-knockaert\/\">S\u00e9bastien Knockaert<\/a><\/td><\/tr><tr><td><a href=\"http:\/\/observatoire-asap.org\/index.php\/2020\/10\/16\/johanna-le-conte\/\">Johanna Le Conte<\/a><\/td><\/tr><tr><td><a href=\"http:\/\/observatoire-asap.org\/index.php\/2020\/11\/16\/eric-le-tallec\/\">Eric Le Tallec<\/a><\/td><\/tr><tr><td><a href=\"http:\/\/observatoire-asap.org\/index.php\/2020\/11\/25\/marin-lagny\/\">Marin Lagny<\/a><\/td><\/tr><tr><td><a href=\"http:\/\/observatoire-asap.org\/index.php\/2020\/07\/16\/benjamin-laubie\/\">Benjamin Laubie<\/a> <\/td><\/tr><tr><td><a href=\"http:\/\/observatoire-asap.org\/index.php\/2020\/11\/18\/geoffrey-martinache\/\">Geoffrey Martinache<\/a><\/td><\/tr><tr><td><a href=\"http:\/\/observatoire-asap.org\/index.php\/2020\/11\/23\/nicolas-menguy\/\">Nicolas Menguy<\/a><\/td><\/tr><tr><td><a href=\"http:\/\/observatoire-asap.org\/index.php\/2021\/06\/17\/nehme-naim\/\">Nehme Naim<\/a><\/td><\/tr><tr><td><a href=\"http:\/\/observatoire-asap.org\/index.php\/2021\/03\/15\/christian-nicol\/\">Christian Nicol<\/a><\/td><\/tr><tr><td><a href=\"http:\/\/observatoire-asap.org\/index.php\/2020\/12\/21\/erwan-poiraud\/\">Erwan Poiraud<\/a><\/td><\/tr><tr><td><a href=\"http:\/\/observatoire-asap.org\/index.php\/2021\/02\/28\/didier-poulhazan\/\">Didier Poulhazan<\/a><\/td><\/tr><tr><td><a href=\"https:\/\/observatoire-asap.org\/index.php\/2021\/03\/23\/alain-rocca\/\">Alain Rocca<\/a><\/td><\/tr><tr><td><a href=\"http:\/\/observatoire-asap.org\/index.php\/2021\/03\/03\/alexandre-salvatori\/\">Alexandre Salvatori<\/a><\/td><\/tr><tr><td><a href=\"https:\/\/observatoire-asap.org\/index.php\/2021\/03\/11\/raphael-salvazet\/\">Rapha\u00ebl Salvazet<\/a><\/td><\/tr><tr><td><a href=\"http:\/\/observatoire-asap.org\/index.php\/2020\/11\/30\/stefen-simon\/\">Stefen Simon<\/a><\/td><\/tr><tr><td><a href=\"http:\/\/observatoire-asap.org\/index.php\/2020\/07\/21\/philippe-sin\/\">Philippe Sin<\/a><\/td><\/tr><tr><td><a href=\"http:\/\/observatoire-asap.org\/index.php\/2020\/11\/23\/thierry-teboul\/\">Thierry Teboul<\/a><\/td><\/tr><\/tbody><\/table><\/figure>\n\n\n\n<p><\/p>\n\n\n\n<p><\/p>\n<\/div>\n<\/div>\n","protected":false},"excerpt":{"rendered":"<p>P\u00f4le Recherche Blandine Ageron Th\u00e9r\u00e8se Albertini Christ\u00e8le Assegond Carla Bader Michel Barabel Christel Beaucourt Mathias B\u00e9jean Omar Bentahar Smail Benzidia Delphine Bereni Jeanne Bessouat Fabien Blanchot Marc Bidan Marc Bonnet Laurent Cappelletti Marie-Christine Chalus-Sauvannet St\u00e9phanie Chatelain-Ponroy Olivier Codou Fran\u00e7ois Combes Elizabeth Couzineau-Zegwaard Sophie Cros Claire Cuvelier Yves De Curraize Ahmed Dammak Micka\u00ebl David Fr\u00e9d\u00e9rique D\u00e9jean &hellip; <\/p>\n","protected":false},"author":1,"featured_media":0,"parent":0,"menu_order":0,"comment_status":"closed","ping_status":"closed","template":"","meta":{"footnotes":""},"_links":{"self":[{"href":"https:\/\/asap.dever.fr\/index.php\/wp-json\/wp\/v2\/pages\/272"}],"collection":[{"href":"https:\/\/asap.dever.fr\/index.php\/wp-json\/wp\/v2\/pages"}],"about":[{"href":"https:\/\/asap.dever.fr\/index.php\/wp-json\/wp\/v2\/types\/page"}],"author":[{"embeddable":true,"href":"https:\/\/asap.dever.fr\/index.php\/wp-json\/wp\/v2\/users\/1"}],"replies":[{"embeddable":true,"href":"https:\/\/asap.dever.fr\/index.php\/wp-json\/wp\/v2\/comments?post=272"}],"version-history":[{"count":0,"href":"https:\/\/asap.dever.fr\/index.php\/wp-json\/wp\/v2\/pages\/272\/revisions"}],"wp:attachment":[{"href":"https:\/\/asap.dever.fr\/index.php\/wp-json\/wp\/v2\/media?parent=272"}],"curies":[{"name":"wp","href":"https:\/\/api.w.org\/{rel}","templated":true}]}}