{"id":2714,"date":"2021-03-20T21:53:08","date_gmt":"2021-03-20T20:53:08","guid":{"rendered":"http:\/\/observatoire-asap.org\/?page_id=2714"},"modified":"2021-03-20T21:53:08","modified_gmt":"2021-03-20T20:53:08","slug":"living-lab-algopo","status":"publish","type":"page","link":"https:\/\/asap.dever.fr\/index.php\/living-lab-algopo\/","title":{"rendered":"Living Lab Algopo"},"content":{"rendered":"<p><span class=\"current\"><a href=\"http:\/\/observatoire-asap.org\/index.php\/2022\/02\/22\/participation-de-asap-au-seminaire-du-15-fevrier-du-living-lab-algopo\/\">Participation de ASAP au s\u00e9minaire du 15 f\u00e9vrier du Living Lab Algopo<\/a><\/span> par <a href=\"http:\/\/observatoire-asap.org\/index.php\/2020\/02\/02\/olivier-meier\/\">Olivier Meier<\/a> et <a href=\"http:\/\/observatoire-asap.org\/index.php\/2020\/02\/02\/lolita-rubens\/\">Lolita Rubens<\/a><\/p>\n<p><span class=\"current\"><a href=\"http:\/\/observatoire-asap.org\/index.php\/2021\/03\/20\/participation-de-asap-au-premier-seminaire-de-co-construction-du-living-lab-algopo\/\">Participation de ASAP au premier s\u00e9minaire de co-construction du Living lab Algopo<\/a><\/span> par <a href=\"http:\/\/observatoire-asap.org\/index.php\/2020\/02\/02\/olivier-meier\/\">Olivier Meier<\/a> et <a href=\"http:\/\/observatoire-asap.org\/index.php\/2020\/02\/02\/lolita-rubens\/\">Lolita Rubens<\/a><\/p>\n<p><span class=\"current\"><a href=\"http:\/\/observatoire-asap.org\/index.php\/2021\/03\/20\/partenariat-entre-lobservatoire-asap-et-le-living-lab-algopo\/\">Partenariat entre l\u2019observatoire ASAP et le Living lab Algopo<\/a><\/span> par <a href=\"http:\/\/observatoire-asap.org\/index.php\/2020\/02\/02\/olivier-meier\/\">Olivier Meier<\/a> et <a href=\"http:\/\/observatoire-asap.org\/index.php\/2020\/02\/02\/lolita-rubens\/\">Lolita Rubens<\/a><\/p>\n<p><a href=\"http:\/\/observatoire-asap.org\/index.php\/2021\/01\/08\/science-democratie-et-innovation-publique-lapport-des-livings-labs\/\">Science, d\u00e9mocratie et innovation publique\u00a0: l\u2019apport des Livings labs<\/a> par <a href=\"http:\/\/observatoire-asap.org\/index.php\/2020\/02\/14\/mathias-bejean\/\">Mathias B\u00e9jean<\/a><\/p>\n\n\n<p><\/p>\n","protected":false},"excerpt":{"rendered":"<p>Participation de ASAP au s\u00e9minaire du 15 f\u00e9vrier du Living Lab Algopo par Olivier Meier et Lolita Rubens Participation de ASAP au premier s\u00e9minaire de co-construction du Living lab Algopo par Olivier Meier et Lolita Rubens Partenariat entre l\u2019observatoire ASAP et le Living lab Algopo par Olivier Meier et Lolita Rubens Science, d\u00e9mocratie et innovation &hellip; <\/p>\n","protected":false},"author":1,"featured_media":0,"parent":0,"menu_order":0,"comment_status":"closed","ping_status":"closed","template":"","meta":{"footnotes":""},"_links":{"self":[{"href":"https:\/\/asap.dever.fr\/index.php\/wp-json\/wp\/v2\/pages\/2714"}],"collection":[{"href":"https:\/\/asap.dever.fr\/index.php\/wp-json\/wp\/v2\/pages"}],"about":[{"href":"https:\/\/asap.dever.fr\/index.php\/wp-json\/wp\/v2\/types\/page"}],"author":[{"embeddable":true,"href":"https:\/\/asap.dever.fr\/index.php\/wp-json\/wp\/v2\/users\/1"}],"replies":[{"embeddable":true,"href":"https:\/\/asap.dever.fr\/index.php\/wp-json\/wp\/v2\/comments?post=2714"}],"version-history":[{"count":0,"href":"https:\/\/asap.dever.fr\/index.php\/wp-json\/wp\/v2\/pages\/2714\/revisions"}],"wp:attachment":[{"href":"https:\/\/asap.dever.fr\/index.php\/wp-json\/wp\/v2\/media?parent=2714"}],"curies":[{"name":"wp","href":"https:\/\/api.w.org\/{rel}","templated":true}]}}