{"id":2710,"date":"2021-03-20T21:48:43","date_gmt":"2021-03-20T20:48:43","guid":{"rendered":"http:\/\/observatoire-asap.org\/?page_id=2710"},"modified":"2021-03-20T21:48:43","modified_gmt":"2021-03-20T20:48:43","slug":"partenariats","status":"publish","type":"page","link":"https:\/\/asap.dever.fr\/index.php\/partenariats\/","title":{"rendered":"Les partenariats"},"content":{"rendered":"<p>Dans le cadre de ses activit\u00e9s, l&#8217;observatoire ASAP a d\u00e9velopp\u00e9 plusieurs partenariats institutionnels (<a href=\"https:\/\/www.rse-magazine.com\/Interview-d-Olivier-Meier-l-Observatoire-ASAP-Chaire-Innovation-Publique_a4174.html\">*<\/a>) :<\/p>\n<p><span class=\"current\"><a href=\"https:\/\/observatoire-asap.org\/index.php\/chaire-innovation-publique\/\">Chaire Innovation Publique<\/a><\/span><\/p>\n<p><span class=\"current\"><a href=\"https:\/\/observatoire-asap.org\/index.php\/ecole-internationale-detudes-politiques\/\">\u00c9cole internationale d\u2019\u00e9tudes politiques<\/a><\/span><\/p>\n<p><span class=\"current\"><a href=\"https:\/\/observatoire-asap.org\/index.php\/living-lab-algopo\/\">Living Lab Algopo<\/a><\/span><\/p>\n<p>\u00a0<\/p>\n\n\n<p><\/p>\n","protected":false},"excerpt":{"rendered":"<p>Dans le cadre de ses activit\u00e9s, l&#8217;observatoire ASAP a d\u00e9velopp\u00e9 plusieurs partenariats institutionnels (*) : Chaire Innovation Publique \u00c9cole internationale d\u2019\u00e9tudes politiques Living Lab Algopo \u00a0<\/p>\n","protected":false},"author":1,"featured_media":0,"parent":0,"menu_order":0,"comment_status":"closed","ping_status":"closed","template":"","meta":{"footnotes":""},"_links":{"self":[{"href":"https:\/\/asap.dever.fr\/index.php\/wp-json\/wp\/v2\/pages\/2710"}],"collection":[{"href":"https:\/\/asap.dever.fr\/index.php\/wp-json\/wp\/v2\/pages"}],"about":[{"href":"https:\/\/asap.dever.fr\/index.php\/wp-json\/wp\/v2\/types\/page"}],"author":[{"embeddable":true,"href":"https:\/\/asap.dever.fr\/index.php\/wp-json\/wp\/v2\/users\/1"}],"replies":[{"embeddable":true,"href":"https:\/\/asap.dever.fr\/index.php\/wp-json\/wp\/v2\/comments?post=2710"}],"version-history":[{"count":0,"href":"https:\/\/asap.dever.fr\/index.php\/wp-json\/wp\/v2\/pages\/2710\/revisions"}],"wp:attachment":[{"href":"https:\/\/asap.dever.fr\/index.php\/wp-json\/wp\/v2\/media?parent=2710"}],"curies":[{"name":"wp","href":"https:\/\/api.w.org\/{rel}","templated":true}]}}