{"id":195,"date":"2020-02-26T23:56:26","date_gmt":"2020-02-26T22:56:26","guid":{"rendered":"http:\/\/observatoire-asap.org\/?page_id=195"},"modified":"2020-02-26T23:56:26","modified_gmt":"2020-02-26T22:56:26","slug":"comite-de-pilotage","status":"publish","type":"page","link":"https:\/\/asap.dever.fr\/index.php\/comite-de-pilotage\/","title":{"rendered":"comit\u00e9 de pilotage"},"content":{"rendered":"\n<div class=\"wp-block-columns is-layout-flex wp-container-core-columns-is-layout-2 wp-block-columns-is-layout-flex\">\n<div class=\"wp-block-column is-vertically-aligned-center is-layout-flow wp-block-column-is-layout-flow\">\n<div class=\"wp-block-image is-style-rounded\"><figure class=\"aligncenter size-thumbnail\"><img loading=\"lazy\" decoding=\"async\" width=\"150\" height=\"150\" src=\"http:\/\/observatoire-asap.org\/wp-content\/uploads\/2020\/02\/fabrice-hamelin-0952-150x150.jpg\" alt=\"\" class=\"wp-image-225\"\/><\/figure><\/div>\n<\/div>\n\n\n\n<div class=\"wp-block-column is-vertically-aligned-center is-layout-flow wp-block-column-is-layout-flow\" style=\"flex-basis:65%\">\n<div class=\"wp-block-columns is-layout-flex wp-container-core-columns-is-layout-1 wp-block-columns-is-layout-flex\">\n<div class=\"wp-block-column is-layout-flow wp-block-column-is-layout-flow\" style=\"flex-basis:100%\">\n<p>Dr. <a href=\"http:\/\/observatoire-asap.org\/index.php\/2020\/02\/27\/fabrice-hamelin\/\">Fabrice Hamelin<\/a>, responsable des partenariats institutionnels<\/p>\n<p><em>Maitre de conf\u00e9rences HDR <\/em>en sciences politiques<em> &#8211; <\/em>Laboraroire LIPHA<em><br><\/em><\/p>\n<p><em>Ecole Internationale d&#8217;Etudes Politiques<\/em><\/p>\n\n\n\n<p><\/p>\n<\/div>\n<\/div>\n<\/div>\n<\/div>\n\n\n\n<div class=\"wp-block-columns is-layout-flex wp-container-core-columns-is-layout-3 wp-block-columns-is-layout-flex\">\n<div class=\"wp-block-column is-layout-flow wp-block-column-is-layout-flow\">\n<div class=\"wp-block-image is-style-rounded\"><figure class=\"aligncenter size-thumbnail\"><img loading=\"lazy\" decoding=\"async\" width=\"150\" height=\"150\" src=\"http:\/\/observatoire-asap.org\/wp-content\/uploads\/2020\/01\/Photo-OM-150x150.jpg\" alt=\"\" class=\"wp-image-44\"\/><\/figure><\/div>\n<\/div>\n\n\n\n<div class=\"wp-block-column is-vertically-aligned-center is-layout-flow wp-block-column-is-layout-flow\" style=\"flex-basis:65%\">\n<figure class=\"wp-block-table\"><table><tbody><tr><td>Pr. <a href=\"http:\/\/observatoire-asap.org\/index.php\/2020\/02\/02\/olivier-meier\/\">Olivier Meier<\/a>, directeur de l&#8217;Observatoire ASAP \/ Chaire Innovation Publique<br><br><em>Professeur des universit\u00e9s<\/em>,  <em>HDR <\/em>en sciences de gestion &#8211; Laboratoire LIPHA<br><br><em>Sciences Po Paris &#8211; Executive <\/em>Masters et Mast\u00e8res Sp\u00e9cialis\u00e9s<\/td><\/tr><\/tbody><\/table><\/figure>\n<\/div>\n<\/div>\n\n\n\n<div class=\"wp-block-columns is-layout-flex wp-container-core-columns-is-layout-4 wp-block-columns-is-layout-flex\">\n<div class=\"wp-block-column is-vertically-aligned-center is-layout-flow wp-block-column-is-layout-flow\">\n<div class=\"wp-block-image is-style-rounded\"><figure class=\"aligncenter size-thumbnail\"><img decoding=\"async\" src=\"http:\/\/observatoire-asap.org\/wp-content\/uploads\/2020\/02\/LolitaRubens-1-150x150.jpg\" alt=\"\" class=\"wp-image-237\"\/><\/figure><\/div>\n<\/div>\n\n\n\n<div class=\"wp-block-column is-vertically-aligned-center is-layout-flow wp-block-column-is-layout-flow\" style=\"flex-basis:65%\">\n<p>Dr. <a href=\"http:\/\/observatoire-asap.org\/index.php\/2020\/02\/02\/lolita-rubens\/\">Lolita Rubens<\/a>, responsable de la communication institutionnelle<\/p>\n\n\n\n<p><em>Maitresse de conf\u00e9rences <\/em>en sciences sociales &#8211; Laboratoire LIRTES<\/p>\n\n\n\n<p><em>Assesseure Vie de campus et d\u00e9veloppement durable &#8211; Universit\u00e9 Paris Est<\/em><\/p>\n<\/div>\n<\/div>\n\n\n\n<p><\/p>\n","protected":false},"excerpt":{"rendered":"<p>Dr. Fabrice Hamelin, responsable des partenariats institutionnels Maitre de conf\u00e9rences HDR en sciences politiques &#8211; Laboraroire LIPHA Ecole Internationale d&#8217;Etudes Politiques Pr. Olivier Meier, directeur de l&#8217;Observatoire ASAP \/ Chaire Innovation Publique Professeur des universit\u00e9s, HDR en sciences de gestion &#8211; Laboratoire LIPHA Sciences Po Paris &#8211; Executive Masters et Mast\u00e8res Sp\u00e9cialis\u00e9s Dr. Lolita Rubens, &hellip; <\/p>\n","protected":false},"author":1,"featured_media":0,"parent":0,"menu_order":0,"comment_status":"closed","ping_status":"closed","template":"","meta":{"footnotes":""},"_links":{"self":[{"href":"https:\/\/asap.dever.fr\/index.php\/wp-json\/wp\/v2\/pages\/195"}],"collection":[{"href":"https:\/\/asap.dever.fr\/index.php\/wp-json\/wp\/v2\/pages"}],"about":[{"href":"https:\/\/asap.dever.fr\/index.php\/wp-json\/wp\/v2\/types\/page"}],"author":[{"embeddable":true,"href":"https:\/\/asap.dever.fr\/index.php\/wp-json\/wp\/v2\/users\/1"}],"replies":[{"embeddable":true,"href":"https:\/\/asap.dever.fr\/index.php\/wp-json\/wp\/v2\/comments?post=195"}],"version-history":[{"count":0,"href":"https:\/\/asap.dever.fr\/index.php\/wp-json\/wp\/v2\/pages\/195\/revisions"}],"wp:attachment":[{"href":"https:\/\/asap.dever.fr\/index.php\/wp-json\/wp\/v2\/media?parent=195"}],"curies":[{"name":"wp","href":"https:\/\/api.w.org\/{rel}","templated":true}]}}