{"id":179,"date":"2020-02-26T14:51:53","date_gmt":"2020-02-26T13:51:53","guid":{"rendered":"http:\/\/observatoire-asap.org\/?page_id=179"},"modified":"2020-02-26T14:51:53","modified_gmt":"2020-02-26T13:51:53","slug":"lequipe","status":"publish","type":"page","link":"https:\/\/asap.dever.fr\/index.php\/lequipe\/","title":{"rendered":"L&#8217;\u00e9quipe"},"content":{"rendered":"<p>L&#8217;observatoire ASAP est dirig\u00e9 par <a href=\"https:\/\/cv.archives-ouvertes.fr\/olivier-meier\">Olivier Meier<\/a>, Professeur des Universit\u00e9s. Il est compos\u00e9 d&#8217;un <strong>comit\u00e9 de pilotage <\/strong>(3 membres) et de <strong>deux p\u00f4les sp\u00e9cialis\u00e9s<\/strong>, le p\u00f4le Recherche (PR et MCF) et le p\u00f4le Expertise (experts, managers, consultants).<\/p>\n\n\n<ul><li><a href=\"http:\/\/observatoire-asap.org\/index.php\/comite-de-pilotage\/\">Le comit\u00e9 de pilotage<\/a><\/li><li><a href=\"http:\/\/observatoire-asap.org\/index.php\/les-auteurs\/\">Les membres<\/a><\/li><\/ul>\n","protected":false},"excerpt":{"rendered":"<p>L&#8217;observatoire ASAP est dirig\u00e9 par Olivier Meier, Professeur des Universit\u00e9s. Il est compos\u00e9 d&#8217;un comit\u00e9 de pilotage (3 membres) et de deux p\u00f4les sp\u00e9cialis\u00e9s, le p\u00f4le Recherche (PR et MCF) et le p\u00f4le Expertise (experts, managers, consultants). Le comit\u00e9 de pilotage Les membres<\/p>\n","protected":false},"author":1,"featured_media":0,"parent":0,"menu_order":0,"comment_status":"closed","ping_status":"closed","template":"","meta":{"footnotes":""},"_links":{"self":[{"href":"https:\/\/asap.dever.fr\/index.php\/wp-json\/wp\/v2\/pages\/179"}],"collection":[{"href":"https:\/\/asap.dever.fr\/index.php\/wp-json\/wp\/v2\/pages"}],"about":[{"href":"https:\/\/asap.dever.fr\/index.php\/wp-json\/wp\/v2\/types\/page"}],"author":[{"embeddable":true,"href":"https:\/\/asap.dever.fr\/index.php\/wp-json\/wp\/v2\/users\/1"}],"replies":[{"embeddable":true,"href":"https:\/\/asap.dever.fr\/index.php\/wp-json\/wp\/v2\/comments?post=179"}],"version-history":[{"count":0,"href":"https:\/\/asap.dever.fr\/index.php\/wp-json\/wp\/v2\/pages\/179\/revisions"}],"wp:attachment":[{"href":"https:\/\/asap.dever.fr\/index.php\/wp-json\/wp\/v2\/media?parent=179"}],"curies":[{"name":"wp","href":"https:\/\/api.w.org\/{rel}","templated":true}]}}