{"id":14,"date":"2019-12-30T11:36:02","date_gmt":"2019-12-30T10:36:02","guid":{"rendered":"http:\/\/observatoire-asap.org\/?page_id=14"},"modified":"2019-12-30T11:36:02","modified_gmt":"2019-12-30T10:36:02","slug":"articles","status":"publish","type":"page","link":"https:\/\/asap.dever.fr\/index.php\/articles\/","title":{"rendered":"Articles"},"content":{"rendered":"<p>Les articles publi\u00e9s dans les Lettres de l&#8217;Observatoire<\/p>\n\n\n<div class=\"wp-block-group\"><div class=\"wp-block-group__inner-container is-layout-flow wp-block-group-is-layout-flow\">\n<figure class=\"wp-block-table aligncenter\"><table><tbody><tr><td><img loading=\"lazy\" decoding=\"async\" width=\"140\" height=\"140\" class=\"wp-image-1133\" style=\"width: 140px;\" src=\"http:\/\/observatoire-asap.org\/wp-content\/uploads\/2020\/11\/micro.jpg\" alt=\"\" srcset=\"https:\/\/asap.dever.fr\/wp-content\/uploads\/2020\/11\/micro.jpg 640w, https:\/\/asap.dever.fr\/wp-content\/uploads\/2020\/11\/micro-300x300.jpg 300w, https:\/\/asap.dever.fr\/wp-content\/uploads\/2020\/11\/micro-150x150.jpg 150w, https:\/\/asap.dever.fr\/wp-content\/uploads\/2020\/11\/micro-60x60.jpg 60w\" sizes=\"(max-width: 140px) 100vw, 140px\" \/><\/td><td><a href=\"http:\/\/observatoire-asap.org\/index.php\/tribunes\/\">Tribunes<\/a><\/td><\/tr><tr><td><img loading=\"lazy\" decoding=\"async\" width=\"140\" height=\"93\" class=\"wp-image-1135\" style=\"width: 140px;\" src=\"http:\/\/observatoire-asap.org\/wp-content\/uploads\/2020\/11\/entretien.jpg\" alt=\"\" srcset=\"https:\/\/asap.dever.fr\/wp-content\/uploads\/2020\/11\/entretien.jpg 800w, https:\/\/asap.dever.fr\/wp-content\/uploads\/2020\/11\/entretien-300x200.jpg 300w, https:\/\/asap.dever.fr\/wp-content\/uploads\/2020\/11\/entretien-768x512.jpg 768w, https:\/\/asap.dever.fr\/wp-content\/uploads\/2020\/11\/entretien-90x60.jpg 90w\" sizes=\"(max-width: 140px) 100vw, 140px\" \/><\/td><td><a href=\"http:\/\/observatoire-asap.org\/index.php\/blog\/\">Entretiens<\/a><\/td><\/tr><tr><td><img decoding=\"async\" src=\"http:\/\/observatoire-asap.org\/wp-content\/uploads\/2020\/07\/policy-design.png\" alt=\"\" style=\"width: 140px;\"><\/td><td>&nbsp;<a href=\"http:\/\/observatoire-asap.org\/index.php\/politique\/\">Politique<\/a><\/td><\/tr><tr><td><img decoding=\"async\" src=\"http:\/\/observatoire-asap.org\/wp-content\/uploads\/2020\/07\/Innovation-nouvelle-generation_imagefull.jpg\" alt=\"\" style=\"width: 140px;\"><\/td><td>&nbsp;<br><a href=\"http:\/\/observatoire-asap.org\/index.php\/economie\/\">\u00c9conomie<\/a><\/td><\/tr><tr><td><img decoding=\"async\" src=\"http:\/\/observatoire-asap.org\/wp-content\/uploads\/2020\/12\/Societal.jpg\" alt=\"\" style=\"width: 140px;\"><\/td><td><a href=\"http:\/\/observatoire-asap.org\/index.php\/societal\/\">Soci\u00e9tal<\/a><\/td><\/tr><tr><td><img decoding=\"async\" src=\"http:\/\/observatoire-asap.org\/wp-content\/uploads\/2020\/07\/num\u00e9rique.jpg\" alt=\"\" style=\"width: 140px;\"><\/td><td><a href=\"http:\/\/observatoire-asap.org\/index.php\/technologie\/\">Technologie<\/a><\/td><\/tr><tr><td><img decoding=\"async\" src=\"http:\/\/observatoire-asap.org\/wp-content\/uploads\/2020\/07\/policy-design-2-1024x625.png\" alt=\"L\u2019attribut alt de cette image est vide, son nom de fichier est policy-design-2-1024x625.png.\" style=\"width: 2px;\"><img decoding=\"async\" src=\"http:\/\/observatoire-asap.org\/wp-content\/uploads\/2020\/07\/policy-design-2-1024x625.png\" alt=\"L\u2019attribut alt de cette image est vide, son nom de fichier est policy-design-2-1024x625.png.\" style=\"width: 1px;\"><img decoding=\"async\" src=\"http:\/\/observatoire-asap.org\/wp-content\/uploads\/2020\/07\/education-flatlay-1024x683.jpg\" alt=\"\" style=\"width: 140px;\"><\/td><td><a href=\"http:\/\/observatoire-asap.org\/index.php\/education\/\">\u00c9ducation<\/a><\/td><\/tr><tr><td><img decoding=\"async\" src=\"http:\/\/observatoire-asap.org\/wp-content\/uploads\/2020\/07\/veille-juridique.jpg\" alt=\"\" style=\"width: 140px;\"><\/td><td><a href=\"http:\/\/observatoire-asap.org\/index.php\/veille-juridique\/\">Juridique<\/a><\/td><\/tr><\/tbody><\/table><\/figure>\n<\/div><\/div>\n","protected":false},"excerpt":{"rendered":"<p>Les articles publi\u00e9s dans les Lettres de l&#8217;Observatoire Tribunes Entretiens &nbsp;Politique &nbsp;\u00c9conomie Soci\u00e9tal Technologie \u00c9ducation Juridique<\/p>\n","protected":false},"author":1,"featured_media":0,"parent":0,"menu_order":0,"comment_status":"closed","ping_status":"closed","template":"","meta":{"footnotes":""},"_links":{"self":[{"href":"https:\/\/asap.dever.fr\/index.php\/wp-json\/wp\/v2\/pages\/14"}],"collection":[{"href":"https:\/\/asap.dever.fr\/index.php\/wp-json\/wp\/v2\/pages"}],"about":[{"href":"https:\/\/asap.dever.fr\/index.php\/wp-json\/wp\/v2\/types\/page"}],"author":[{"embeddable":true,"href":"https:\/\/asap.dever.fr\/index.php\/wp-json\/wp\/v2\/users\/1"}],"replies":[{"embeddable":true,"href":"https:\/\/asap.dever.fr\/index.php\/wp-json\/wp\/v2\/comments?post=14"}],"version-history":[{"count":0,"href":"https:\/\/asap.dever.fr\/index.php\/wp-json\/wp\/v2\/pages\/14\/revisions"}],"wp:attachment":[{"href":"https:\/\/asap.dever.fr\/index.php\/wp-json\/wp\/v2\/media?parent=14"}],"curies":[{"name":"wp","href":"https:\/\/api.w.org\/{rel}","templated":true}]}}