{"id":1089,"date":"2020-11-27T18:47:31","date_gmt":"2020-11-27T17:47:31","guid":{"rendered":"http:\/\/observatoire-asap.org\/?page_id=1089"},"modified":"2020-11-27T18:47:31","modified_gmt":"2020-11-27T17:47:31","slug":"tribunes","status":"publish","type":"page","link":"https:\/\/asap.dever.fr\/index.php\/tribunes\/","title":{"rendered":"Tribunes"},"content":{"rendered":"<p><a href=\"http:\/\/observatoire-asap.org\/index.php\/2022\/02\/07\/rse-et-information-extra-financiere-que-nous-apprend-le-scandale-orpea\/\">RSE et information extra-financi\u00e8re : que nous apprend le scandale ORPEA ?<\/a> par <a href=\"http:\/\/observatoire-asap.org\/index.php\/2020\/12\/15\/frederique-dejean\/\">Fr\u00e9d\u00e9rique D\u00e9jean<\/a><\/p>\n<p><a href=\"http:\/\/observatoire-asap.org\/index.php\/2021\/03\/19\/100-acteurs-engages-de-lenseignement-superieur-en-sciences-de-gestion-et-du-management-signent-une-tribune\/\">100 d\u00e9cideurs de l&#8217;enseignement sup\u00e9rieur en Sciences de gestion demandent la diversit\u00e9 des voies d&#8217;acc\u00e8s et une proc\u00e9dure de recrutement nationale<\/a> par Collectif<\/p>\n<p><span class=\"current\"><a href=\"https:\/\/observatoire-asap.org\/index.php\/2020\/12\/09\/laudiovisuel-public-que-nous-voulons\/\">L\u2019audiovisuel public que nous voulons<\/a><\/span> par <a href=\"http:\/\/observatoire-asap.org\/?p=981\">Ga\u00ebl Villeneuve<\/a><\/p>\n<p><a href=\"http:\/\/observatoire-asap.org\/index.php\/2021\/02\/04\/les-perspectives-de-developpement-de-lecole-internationale-detudes-politiques\/\">Les perspectives de d\u00e9veloppement de l&#8217;Ecole internationale d&#8217;\u00e9tudes politiques<\/a> par <a href=\"http:\/\/observatoire-asap.org\/index.php\/2020\/02\/14\/yves-palau\/\">Yves Palau<\/a> et <a href=\"http:\/\/observatoire-asap.org\/index.php\/2020\/02\/02\/olivier-meier\/\">Olivier Meier<\/a><\/p>\n<p><a href=\"http:\/\/observatoire-asap.org\/index.php\/2020\/11\/15\/responsabiliser-sans-controle-ni-sanction-sens-et-contresens-au-sein-des-universites\/\">Responsabiliser sans contr\u00f4le ni sanction : sens et contresens au sein des universit\u00e9s<\/a> par <a href=\"http:\/\/observatoire-asap.org\/index.php\/2020\/10\/24\/aude-deville\/\">Aude Deville<\/a> et <a href=\"http:\/\/observatoire-asap.org\/index.php\/2020\/10\/23\/stephanie-chatelain-ponroy\/\">St\u00e9phanie Chatelain-Ponroy<\/a><\/p>\n<p><a href=\"http:\/\/observatoire-asap.org\/index.php\/2020\/11\/14\/universitaires-et-universites-meme-combat\/\">Universitaires et universit\u00e9s : m\u00eame combat !<\/a> par <a href=\"http:\/\/observatoire-asap.org\/index.php\/2020\/10\/24\/aude-deville\/\">Aude Deville<\/a> et <a href=\"http:\/\/observatoire-asap.org\/index.php\/2020\/02\/02\/olivier-meier\/\">Olivier Meier<\/a><\/p>\n<p><a href=\"http:\/\/observatoire-asap.org\/index.php\/2020\/10\/13\/la-chaire-innovation-publique\/\">La chaire Innovation Publique<\/a> par <a href=\"http:\/\/observatoire-asap.org\/index.php\/2020\/10\/13\/olivier-hirt\/\">Olivier Hirt<\/a><\/p>\n<p><a href=\"http:\/\/observatoire-asap.org\/index.php\/2020\/07\/16\/creation-dune-ecole-internationale-detudes-politiques\/\">Cr\u00e9ation d&#8217;une \u00c9cole internationale d\u2019\u00e9tudes politiques<\/a> par <a href=\"http:\/\/observatoire-asap.org\/index.php\/2020\/02\/14\/yves-palau\/\">Yves Palau<\/a><\/p>\n","protected":false},"excerpt":{"rendered":"<p>RSE et information extra-financi\u00e8re : que nous apprend le scandale ORPEA ? par Fr\u00e9d\u00e9rique D\u00e9jean 100 d\u00e9cideurs de l&#8217;enseignement sup\u00e9rieur en Sciences de gestion demandent la diversit\u00e9 des voies d&#8217;acc\u00e8s et une proc\u00e9dure de recrutement nationale par Collectif L\u2019audiovisuel public que nous voulons par Ga\u00ebl Villeneuve Les perspectives de d\u00e9veloppement de l&#8217;Ecole internationale d&#8217;\u00e9tudes politiques &hellip; <\/p>\n","protected":false},"author":1,"featured_media":1133,"parent":0,"menu_order":0,"comment_status":"closed","ping_status":"closed","template":"","meta":{"footnotes":""},"_links":{"self":[{"href":"https:\/\/asap.dever.fr\/index.php\/wp-json\/wp\/v2\/pages\/1089"}],"collection":[{"href":"https:\/\/asap.dever.fr\/index.php\/wp-json\/wp\/v2\/pages"}],"about":[{"href":"https:\/\/asap.dever.fr\/index.php\/wp-json\/wp\/v2\/types\/page"}],"author":[{"embeddable":true,"href":"https:\/\/asap.dever.fr\/index.php\/wp-json\/wp\/v2\/users\/1"}],"replies":[{"embeddable":true,"href":"https:\/\/asap.dever.fr\/index.php\/wp-json\/wp\/v2\/comments?post=1089"}],"version-history":[{"count":0,"href":"https:\/\/asap.dever.fr\/index.php\/wp-json\/wp\/v2\/pages\/1089\/revisions"}],"wp:featuredmedia":[{"embeddable":true,"href":"https:\/\/asap.dever.fr\/index.php\/wp-json\/wp\/v2\/media\/1133"}],"wp:attachment":[{"href":"https:\/\/asap.dever.fr\/index.php\/wp-json\/wp\/v2\/media?parent=1089"}],"curies":[{"name":"wp","href":"https:\/\/api.w.org\/{rel}","templated":true}]}}