{"id":1068,"date":"2020-11-27T17:32:35","date_gmt":"2020-11-27T16:32:35","guid":{"rendered":"http:\/\/observatoire-asap.org\/?page_id=1068"},"modified":"2020-11-27T17:32:35","modified_gmt":"2020-11-27T16:32:35","slug":"accompagner","status":"publish","type":"page","link":"https:\/\/asap.dever.fr\/index.php\/accompagner\/","title":{"rendered":"Accompagner"},"content":{"rendered":"<p style=\"text-align: justify;\"><span style=\"font-family: Noto Serif;\"><strong>Accompagner et soutenir<\/strong> les acteurs de l&#8217;action publique dans leurs d\u00e9marches et programmes d&#8217;actions<\/span><\/p>\n<p>\u00a0<\/p>\n<p style=\"text-align: justify;\"><span style=\"font-family: Noto Serif;\"><u>Au niveau de l&#8217;encadrement doctoral<\/u> (<a href=\"http:\/\/observatoire-asap.org\/index.php\/2020\/02\/02\/olivier-meier\/\">O. Meier<\/a>, <a href=\"http:\/\/observatoire-asap.org\/index.php\/2020\/02\/14\/francois-grima\/\">F. Grima<\/a>)<\/span><\/p>\n<p>L&#8217;Observatoire ASAP accompagne et encadre doctorants et jeunes chercheurs dans leurs travaux de recherche (\u00e9tude doctorale, m\u00e9moires HDR, articles scientifiques &#8230;). Un des groupes de recherche est notamment d\u00e9di\u00e9 aux questions que soul\u00e8ve l<strong>a gestion de travaux en terrain sensible<\/strong> (guerre, conflits, pand\u00e9mie, crise \u00e9conomique, violence urbaine, transformations sociales et soci\u00e9tales&#8230;).<\/p>\n<ul>\n<li><span style=\"font-family: Noto Serif;\">Animation d&#8217;ateliers de recherche et de th\u00e8ses<\/span><\/li>\n<li><span style=\"font-family: Noto Serif;\">Suivi de th\u00e8ses<\/span><\/li>\n<li><span style=\"font-family: Noto Serif;\">Aide \u00e0 publications<\/span><\/li>\n<\/ul>\n<p><span style=\"font-family: Noto Serif;\"><u>Au niveau des recherche-action et missions (<a href=\"http:\/\/observatoire-asap.org\/index.php\/2020\/02\/27\/fabrice-hamelin\/\">F. Hamelin<\/a>, <a href=\"http:\/\/observatoire-asap.org\/index.php\/2020\/02\/02\/lolita-rubens\/\">L. Rubens<\/a>)<\/u><\/span><\/p>\n<p style=\"text-align: justify;\"><span style=\"font-family: Noto Serif;\">L&#8217;Observatoire ASAP est constitu\u00e9 d&#8217;experts et d&#8217;enseignants chercheurs qui, dans le cadre de leurs activit\u00e9s, m\u00e8nent un certain nombre de <strong>programmes de formation<\/strong>, de <strong>recherche-action<\/strong>, <strong>recherche intervention<\/strong> ou de <strong>conduite du changement<\/strong>. L&#8217;Observatoire tient \u00e0 les remercier pour leur participation aux missions de l&#8217;Institution et \u00e0 l&#8217;actualisation des connaissances en lien avec l&#8217;action publique.<\/span><\/p>\n<ul>\n<li style=\"list-style-type: none;\">\u00a0<\/li>\n<\/ul>\n\n\n<figure class=\"wp-block-table\"><table><tbody><tr><td>Quelques exemples de missions r\u00e9alis\u00e9es par les membres de l&#8217;Observatoire :<br>&nbsp;<br>Accompagner les organisations dans le d\u00e9veloppement de <strong>leur culture <\/strong>et de leurs<strong> pratiques de coop\u00e9ration et de participation<\/strong>, notamment en phase de croissance (mod\u00e8le agile et adaptatif, autonomisation, responsabilisation, coop\u00e9ration dans les modes de travail) : diagnostic partag\u00e9, <em>learning expedition<\/em>, formation-action, animation d&#8217;ateliers en intelligence collective, conduite du changement ;<br><br>Accompagner les organisations dans leur <strong>transformation digitale<\/strong> et leur mode de<strong> communication <\/strong>aupr\u00e8s des diff\u00e9rentes parties prenantes : animation du dialogue social, communication digitale, management des r\u00e9seaux sociaux, valorisation des interfaces utilisateurs ;<br><br>Accompagner les <strong>changements de comportement <\/strong>dans les organisations, collectivit\u00e9s et avec les citoyens (co-construction) : identification des leviers et freins par type de comportement (\u00e9tude des normes sociales, des habitudes et des pratiques comportementales) ;<br><br>Accompagner les entreprises et les collectivit\u00e9s vers la<strong>&nbsp;transition \u00e9cologique <\/strong>: veille, \u00e9tudes, sensibilisation, accompagnement.<\/td><\/tr><\/tbody><\/table><\/figure>\n","protected":false},"excerpt":{"rendered":"<p>Accompagner et soutenir les acteurs de l&#8217;action publique dans leurs d\u00e9marches et programmes d&#8217;actions \u00a0 Au niveau de l&#8217;encadrement doctoral (O. Meier, F. Grima) L&#8217;Observatoire ASAP accompagne et encadre doctorants et jeunes chercheurs dans leurs travaux de recherche (\u00e9tude doctorale, m\u00e9moires HDR, articles scientifiques &#8230;). Un des groupes de recherche est notamment d\u00e9di\u00e9 aux questions &hellip; <\/p>\n","protected":false},"author":1,"featured_media":0,"parent":0,"menu_order":0,"comment_status":"closed","ping_status":"closed","template":"","meta":{"footnotes":""},"_links":{"self":[{"href":"https:\/\/asap.dever.fr\/index.php\/wp-json\/wp\/v2\/pages\/1068"}],"collection":[{"href":"https:\/\/asap.dever.fr\/index.php\/wp-json\/wp\/v2\/pages"}],"about":[{"href":"https:\/\/asap.dever.fr\/index.php\/wp-json\/wp\/v2\/types\/page"}],"author":[{"embeddable":true,"href":"https:\/\/asap.dever.fr\/index.php\/wp-json\/wp\/v2\/users\/1"}],"replies":[{"embeddable":true,"href":"https:\/\/asap.dever.fr\/index.php\/wp-json\/wp\/v2\/comments?post=1068"}],"version-history":[{"count":0,"href":"https:\/\/asap.dever.fr\/index.php\/wp-json\/wp\/v2\/pages\/1068\/revisions"}],"wp:attachment":[{"href":"https:\/\/asap.dever.fr\/index.php\/wp-json\/wp\/v2\/media?parent=1068"}],"curies":[{"name":"wp","href":"https:\/\/api.w.org\/{rel}","templated":true}]}}