{"id":1018,"date":"2020-11-25T15:12:51","date_gmt":"2020-11-25T14:12:51","guid":{"rendered":"http:\/\/observatoire-asap.org\/?page_id=1018"},"modified":"2020-11-25T15:12:51","modified_gmt":"2020-11-25T14:12:51","slug":"diffuser-et-accompagner","status":"publish","type":"page","link":"https:\/\/asap.dever.fr\/index.php\/diffuser-et-accompagner\/","title":{"rendered":"Diffuser"},"content":{"rendered":"<p style=\"text-align: justify;\"><span style=\"font-family: Noto Serif;\"><strong>Valoriser\u00a0par la publication<\/strong>, l<strong>es actions publiques et leurs \u00e9valuations<\/strong>, dans un souci de transparence, et d\u2019utilit\u00e9 \u00e9conomique et sociale.<\/span><\/p>\n<ul>\n<li><span style=\"font-family: Noto Serif;\"><a href=\"https:\/\/www.editions-ems.fr\/livres-2\/collections\/questions-de-societe\/ouvrage\/639-innovation-publique.html\">La collection ASAP &#8220;Innovation et Institutions Publiques&#8221;<\/a><\/span><\/li>\n<li><a href=\"http:\/\/observatoire-asap.org\/index.php\/articles\/\"><span style=\"font-family: Noto Serif;\">Les articles ASAP (rep\u00e9rage th\u00e9matique) &#8211; Lettres<\/span><\/a><\/li>\n<li><span style=\"font-family: Noto Serif;\"><a href=\"http:\/\/observatoire-asap.org\/index.php\/tribunes\/\">Les tribunes ASAP<\/a><\/span><\/li>\n<li><a href=\"https:\/\/observatoire-asap.org\/index.php\/blog\/\"><span style=\"font-family: Noto Serif;\">Les entretiens ASAP<\/span><\/a><\/li>\n<li><span style=\"font-family: Noto Serif;\">Les \u00e9tudes et rapports institutionnels<br \/><\/span><\/li>\n<li><span style=\"font-family: Noto Serif;\">Les colloques et s\u00e9minaires ASAP<br \/><\/span><\/li>\n<li><span style=\"font-family: Noto Serif;\">La conception de ressources \u00e9ditoriales avec l&#8217; <a href=\"https:\/\/www.ih2ef.gouv.fr\/les-experts-associes\">IH2EF<\/a> <\/span><\/li>\n<li><a href=\"http:\/\/www.magrh.reconquete-rh.org\/\"><span style=\"font-family: Noto Serif;\">Le partenariat ASAP &#8211; MagRH<\/span><\/a><\/li>\n<\/ul>\n\n\n<figure class=\"wp-block-table\"><table><tbody><tr><td><u>Le Comit\u00e9 \u00e9ditorial<\/u> :<br>Le comit\u00e9 \u00e9ditorial est compos\u00e9 de plusieurs membres de l&#8217;Observatoire.<br>Il choisit les th\u00e8mes des dossiers et participe \u00e0 l\u2019\u00e9bauche de la trame des num\u00e9ros (rubriques): <a href=\"http:\/\/observatoire-asap.org\/index.php\/2020\/02\/02\/olivier-meier\/\">O. Meier<\/a>, <a href=\"http:\/\/observatoire-asap.org\/index.php\/2020\/02\/02\/lolita-rubens\/\">L. Rubens<\/a>, <a href=\"http:\/\/observatoire-asap.org\/index.php\/2020\/02\/27\/fabrice-hamelin\/\">F. Hamelin<\/a>, <a href=\"http:\/\/observatoire-asap.org\/index.php\/2021\/02\/01\/marine-fouquet\/\">M. Fouquet<\/a>, B. Lakhdar (assistante \u00e9ditoriale)<\/td><\/tr><\/tbody><\/table><\/figure>\n","protected":false},"excerpt":{"rendered":"<p>Valoriser\u00a0par la publication, les actions publiques et leurs \u00e9valuations, dans un souci de transparence, et d\u2019utilit\u00e9 \u00e9conomique et sociale. La collection ASAP &#8220;Innovation et Institutions Publiques&#8221; Les articles ASAP (rep\u00e9rage th\u00e9matique) &#8211; Lettres Les tribunes ASAP Les entretiens ASAP Les \u00e9tudes et rapports institutionnels Les colloques et s\u00e9minaires ASAP La conception de ressources \u00e9ditoriales avec &hellip; <\/p>\n","protected":false},"author":1,"featured_media":0,"parent":0,"menu_order":0,"comment_status":"closed","ping_status":"closed","template":"","meta":{"footnotes":""},"_links":{"self":[{"href":"https:\/\/asap.dever.fr\/index.php\/wp-json\/wp\/v2\/pages\/1018"}],"collection":[{"href":"https:\/\/asap.dever.fr\/index.php\/wp-json\/wp\/v2\/pages"}],"about":[{"href":"https:\/\/asap.dever.fr\/index.php\/wp-json\/wp\/v2\/types\/page"}],"author":[{"embeddable":true,"href":"https:\/\/asap.dever.fr\/index.php\/wp-json\/wp\/v2\/users\/1"}],"replies":[{"embeddable":true,"href":"https:\/\/asap.dever.fr\/index.php\/wp-json\/wp\/v2\/comments?post=1018"}],"version-history":[{"count":0,"href":"https:\/\/asap.dever.fr\/index.php\/wp-json\/wp\/v2\/pages\/1018\/revisions"}],"wp:attachment":[{"href":"https:\/\/asap.dever.fr\/index.php\/wp-json\/wp\/v2\/media?parent=1018"}],"curies":[{"name":"wp","href":"https:\/\/api.w.org\/{rel}","templated":true}]}}